{"id":783,"date":"2022-07-20T13:01:54","date_gmt":"2022-07-20T13:01:54","guid":{"rendered":"http:\/\/www.mieresit.test\/?page_id=783"},"modified":"2023-04-18T18:49:01","modified_gmt":"2023-04-18T18:49:01","slug":"developpement-logiciel-et-gestion-de-projets-logiciels","status":"publish","type":"page","link":"https:\/\/www.mieres.it\/de\/developpement-logiciel-et-gestion-de-projets-logiciels\/","title":{"rendered":"Individuelle Softwareentwicklung &#038; Software Projektmanagement"},"content":{"rendered":"<div id=\"pl-783\"  class=\"panel-layout\" ><div id=\"pg-783-0\"  class=\"panel-grid panel-no-style\" ><div id=\"pgc-783-0-0\"  class=\"panel-grid-cell\" ><div id=\"panel-783-0-0-0\" class=\"so-panel widget widget_text panel-first-child panel-last-child\" data-index=\"0\" ><h3 class=\"widget-title\">Individuelle Softwareentwicklung &#038; Software Projektmanagement<\/h3>\t\t\t<div class=\"textwidget\"><\/div>\n\t\t<\/div><\/div><\/div><div id=\"pg-783-1\"  class=\"panel-grid panel-no-style\" ><div id=\"pgc-783-1-0\"  class=\"panel-grid-cell panel-grid-cell-empty panel-grid-cell-mobile-last\" ><\/div><div id=\"pgc-783-1-1\"  class=\"panel-grid-cell panel-grid-cell-empty\" ><\/div><\/div><div id=\"pg-783-2\"  class=\"panel-grid panel-no-style\" ><div id=\"pgc-783-2-0\"  class=\"panel-grid-cell\" ><div id=\"panel-783-2-0-0\" class=\"so-panel widget widget_text panel-first-child panel-last-child\" data-index=\"1\" >\t\t\t<div class=\"textwidget\"><p>Seit 20 Jahren unterst\u00fctzt Mieres IT seine Kunden bei der Konzeption ma\u00dfgeschneiderter Software und deren Wartung.<br \/>\nWir verwenden die besten Werkzeuge der Computertechnologie, um unsere Kunden so zufrieden wie m\u00f6glich zu stellen.<br \/>\nUnser erweitertes Wissen \u00fcber seine Tools und modernen Architekturen erm\u00f6glicht es uns, L\u00f6sungen zu entwerfen, die an jedes Problem angepasst sind.<br \/>\nDie Kompetenz unseres Teams erm\u00f6glicht es uns, Sie voll und ganz zufrieden zu stellen.<br \/>\nWir setzen uns daf\u00fcr ein, eine vertrauensvolle Beziehung zu unseren Teams und unseren Kunden aufzubauen.<\/p>\n<\/div>\n\t\t<\/div><\/div><div id=\"pgc-783-2-1\"  class=\"panel-grid-cell\" ><div id=\"panel-783-2-1-0\" class=\"so-panel widget widget_media_image panel-first-child panel-last-child\" data-index=\"2\" ><img width=\"640\" height=\"425\" src=\"https:\/\/www.mieres.it\/wp-content\/uploads\/2022\/07\/pexels-luis-gomes-546819-1024x680.jpg\" class=\"image wp-image-802  attachment-large size-large\" alt=\"\" decoding=\"async\" loading=\"lazy\" style=\"max-width: 100%; height: auto;\" srcset=\"https:\/\/www.mieres.it\/wp-content\/uploads\/2022\/07\/pexels-luis-gomes-546819-1024x680.jpg 1024w, https:\/\/www.mieres.it\/wp-content\/uploads\/2022\/07\/pexels-luis-gomes-546819-300x199.jpg 300w, https:\/\/www.mieres.it\/wp-content\/uploads\/2022\/07\/pexels-luis-gomes-546819-768x510.jpg 768w, https:\/\/www.mieres.it\/wp-content\/uploads\/2022\/07\/pexels-luis-gomes-546819-1536x1020.jpg 1536w, https:\/\/www.mieres.it\/wp-content\/uploads\/2022\/07\/pexels-luis-gomes-546819-2048x1360.jpg 2048w, https:\/\/www.mieres.it\/wp-content\/uploads\/2022\/07\/pexels-luis-gomes-546819-272x182.jpg 272w\" sizes=\"(max-width: 640px) 100vw, 640px\" \/><\/div><\/div><\/div><div id=\"pg-783-3\"  class=\"panel-grid panel-no-style\" ><div id=\"pgc-783-3-0\"  class=\"panel-grid-cell panel-grid-cell-empty\" ><\/div><\/div><div id=\"pg-783-4\"  class=\"panel-grid panel-no-style\" ><div id=\"pgc-783-4-0\"  class=\"panel-grid-cell\" ><div id=\"panel-783-4-0-0\" class=\"so-panel widget widget_text panel-first-child panel-last-child\" data-index=\"3\" ><h3 class=\"widget-title\">Die Benutzeroberfl\u00e4che<\/h3>\t\t\t<div class=\"textwidget\"><p>Wir verwenden die besten UI-Design-Technologien, um eine klare, konsistente und \u00e4sthetische Benutzeroberfl\u00e4che zu erstellen.<br \/>\nWir verwenden haupts\u00e4chlich Sprachen wie Javascript, React..<br \/>\nWir suchen vor allem nach Reaktionsf\u00e4higkeit und Intuitivit\u00e4t<\/p>\n<p>&nbsp;<\/p>\n<\/div>\n\t\t<\/div><\/div><div id=\"pgc-783-4-1\"  class=\"panel-grid-cell\" ><div id=\"panel-783-4-1-0\" class=\"so-panel widget widget_text panel-first-child panel-last-child\" data-index=\"4\" ><h3 class=\"widget-title\">Software-Backend-Design<\/h3>\t\t\t<div class=\"textwidget\"><p>Wir verwenden als Sprache Java, PHP f\u00fcr Ihre Softwaredesigns.<br \/>\nWir werden unser Bestes tun, um Ihre Ideen umzusetzen und eine an Ihre Bed\u00fcrfnisse angepasste L\u00f6sung zu erstellen.<br \/>\nDank der AGILE-Methode wird das Projektmanagement vereinfacht, da wir unsere Kunden in das Herzst\u00fcck des Designs einbeziehen.<\/p>\n<\/div>\n\t\t<\/div><\/div><div id=\"pgc-783-4-2\"  class=\"panel-grid-cell\" ><div id=\"panel-783-4-2-0\" class=\"so-panel widget widget_text panel-first-child panel-last-child\" data-index=\"5\" ><h3 class=\"widget-title\">Softwarewartung und -verwaltung<\/h3>\t\t\t<div class=\"textwidget\"><p>Wir werden alle Ihre Anfragen nach Korrekturen oder Verbesserungen an Ihrer L\u00f6sung ber\u00fccksichtigen.<\/p>\n<\/div>\n\t\t<\/div><\/div><\/div><div id=\"pg-783-5\"  class=\"panel-grid panel-no-style\" ><div id=\"pgc-783-5-0\"  class=\"panel-grid-cell panel-grid-cell-empty\" ><\/div><\/div><div id=\"pg-783-6\"  class=\"panel-grid panel-no-style\" ><div id=\"pgc-783-6-0\"  class=\"panel-grid-cell\" ><div id=\"panel-783-6-0-0\" class=\"so-panel widget widget_text panel-first-child panel-last-child\" data-index=\"6\" >\t\t\t<div class=\"textwidget\"><\/div>\n\t\t<\/div><\/div><\/div><div id=\"pg-783-7\"  class=\"panel-grid panel-no-style\" ><div id=\"pgc-783-7-0\"  class=\"panel-grid-cell panel-grid-cell-empty\" ><\/div><\/div><div id=\"pg-783-8\"  class=\"panel-grid panel-no-style\" ><div id=\"pgc-783-8-0\"  class=\"panel-grid-cell\" ><div id=\"panel-783-8-0-0\" class=\"so-panel widget widget_text panel-first-child\" data-index=\"7\" >\t\t\t<div class=\"textwidget\"><p><a href=\"https:\/\/mieresitwebsite.u2.mieres.fr\/saas\">SAAS<\/a><\/p>\n<\/div>\n\t\t<\/div><div id=\"panel-783-8-0-1\" class=\"so-panel widget widget_sow-button panel-last-child\" data-index=\"8\" ><div\n\t\t\t\n\t\t\tclass=\"so-widget-sow-button so-widget-sow-button-atom-e0f6669bcefb-783\"\n\t\t\t\n\t\t><div class=\"ow-button-base ow-button-align-left\">\n\t<a\n\thref=\"\/saas\"\n\t\tclass=\"ow-icon-placement-right ow-button-hover\" \t>\n\t\t<span>\n\t\t\t<span class=\"sow-icon-fontawesome sow-far\" data-sow-icon=\"&#xf35b;\"\n\t\tstyle=\"color: #32befc\" \n\t\taria-hidden=\"true\"><\/span>\n\t\t\tMehr sehen\t\t<\/span>\n\t<\/a>\n<\/div>\n<\/div><\/div><\/div><div id=\"pgc-783-8-1\"  class=\"panel-grid-cell\" ><div id=\"panel-783-8-1-0\" class=\"so-panel widget widget_text panel-first-child\" data-index=\"9\" >\t\t\t<div class=\"textwidget\"><p><a href=\"https:\/\/mieresitwebsite.u2.mieres.fr\/services-cloud\/\">Cloud &#038; Hardware Technik<\/a><\/p>\n<\/div>\n\t\t<\/div><div id=\"panel-783-8-1-1\" class=\"so-panel widget widget_sow-button panel-last-child\" data-index=\"10\" ><div\n\t\t\t\n\t\t\tclass=\"so-widget-sow-button so-widget-sow-button-atom-e0f6669bcefb-783\"\n\t\t\t\n\t\t><div class=\"ow-button-base ow-button-align-left\">\n\t<a\n\thref=\"\/services-cloud\/\"\n\t\tclass=\"ow-icon-placement-right ow-button-hover\" \t>\n\t\t<span>\n\t\t\t<span class=\"sow-icon-fontawesome sow-far\" data-sow-icon=\"&#xf35b;\"\n\t\tstyle=\"color: #32befc\" \n\t\taria-hidden=\"true\"><\/span>\n\t\t\tMehr sehen\t\t<\/span>\n\t<\/a>\n<\/div>\n<\/div><\/div><\/div><\/div><\/div>","protected":false},"excerpt":{"rendered":"<p>Individuelle Softwareentwicklung &#038; Software Projektmanagement Seit 20 Jahren unterst\u00fctzt Mieres IT seine Kunden bei der Konzeption ma\u00dfgeschneiderter Software und deren Wartung. Wir verwenden die besten Werkzeuge der Computertechnologie, um unsere Kunden so zufrieden wie m\u00f6glich zu stellen. Unser erweitertes Wissen \u00fcber seine Tools und modernen Architekturen erm\u00f6glicht es uns, L\u00f6sungen zu entwerfen, die an jedes [&hellip;]<\/p>\n","protected":false},"author":1,"featured_media":0,"parent":0,"menu_order":0,"comment_status":"closed","ping_status":"closed","template":"","meta":{"inline_featured_image":false},"_links":{"self":[{"href":"https:\/\/www.mieres.it\/de\/wp-json\/wp\/v2\/pages\/783"}],"collection":[{"href":"https:\/\/www.mieres.it\/de\/wp-json\/wp\/v2\/pages"}],"about":[{"href":"https:\/\/www.mieres.it\/de\/wp-json\/wp\/v2\/types\/page"}],"author":[{"embeddable":true,"href":"https:\/\/www.mieres.it\/de\/wp-json\/wp\/v2\/users\/1"}],"replies":[{"embeddable":true,"href":"https:\/\/www.mieres.it\/de\/wp-json\/wp\/v2\/comments?post=783"}],"version-history":[{"count":59,"href":"https:\/\/www.mieres.it\/de\/wp-json\/wp\/v2\/pages\/783\/revisions"}],"predecessor-version":[{"id":1329,"href":"https:\/\/www.mieres.it\/de\/wp-json\/wp\/v2\/pages\/783\/revisions\/1329"}],"wp:attachment":[{"href":"https:\/\/www.mieres.it\/de\/wp-json\/wp\/v2\/media?parent=783"}],"curies":[{"name":"wp","href":"https:\/\/api.w.org\/{rel}","templated":true}]}}