{"id":650,"date":"2022-07-18T10:07:51","date_gmt":"2022-07-18T10:07:51","guid":{"rendered":"http:\/\/www.mieresit.test\/en\/?page_id=650"},"modified":"2025-10-28T00:24:36","modified_gmt":"2025-10-28T00:24:36","slug":"data-protection","status":"publish","type":"page","link":"https:\/\/www.mieres.it\/de\/data-protection\/","title":{"rendered":"DATENSCHUTZERKLAERUNG"},"content":{"rendered":"<div id=\"pl-650\"  class=\"panel-layout\" ><div id=\"pg-650-0\"  class=\"panel-grid panel-no-style\" ><div id=\"pgc-650-0-0\"  class=\"panel-grid-cell panel-grid-cell-mobile-last\" ><div id=\"panel-650-0-0-0\" class=\"so-panel widget widget_text panel-first-child panel-last-child\" data-index=\"0\" ><div class=\"heading-2 panel-widget-style panel-widget-style-for-650-0-0-0\" ><h3 class=\"widget-title\">Datenschutz<\/h3>\t\t\t<div class=\"textwidget\"><p>Wir freuen uns \u00fcber Ihren Besuch auf unserer Website <a href=\"https:\/\/www.mieresit.com\">https:\/\/www.mieresit.com<\/a> und bedanken uns f\u00fcr Ihr Interesse an unserem Unternehmen und seinen Angeboten.<\/p>\n<p>&nbsp;<\/p>\n<p>Diese Datenschutzrichtlinie dient als Referenztext f\u00fcr die Verarbeitung aller personenbezogenen Daten, die wir erheben oder die Sie uns \u00fcber die Website zur Verf\u00fcgung stellen, die unter der Adresse <a href=\"http:\/\/www.mieresit.com\">http:\/\/www.mieresit.com<\/a> und ihren Subdomains oder einer beliebigen URL-Adresse verf\u00fcgbar ist sp\u00e4ter ersetzt werden k\u00f6nnte (&#8220;mieresit.com&#8221;), sowie alle auf der besagten Website durchgef\u00fchrten Recherchen und\/oder jegliche Nutzung der besagten Website durch den Internetbenutzer, der sich mit ihr verbindet (&#8220;der Benutzer&#8221;).<\/p>\n<p>&nbsp;<\/p>\n<p>Im Folgenden erl\u00e4utern wir, welche Informationen wir w\u00e4hrend Ihres Besuchs auf unserer Seite erfassen und wie diese genutzt werden.<\/p>\n<p>&nbsp;<\/p>\n<ol>\n<li>Warum erfassen wir Ihre Daten?<\/li>\n<\/ol>\n<p>&nbsp;<\/p>\n<p>Mit Ihren Daten k\u00f6nnen wir sicherstellen, dass der Inhalt der Website so effektiv wie m\u00f6glich pr\u00e4sentiert wird, und Ihnen somit die Teilnahme an den interaktiven Funktionen der Website erm\u00f6glichen, wie z.<\/p>\n<p>&nbsp;<\/p>\n<p>Bewerten Sie die Systemsicherheit und -stabilit\u00e4t.<\/p>\n<ul>\n<li aria-level=\"1\">\u00a0\u00a0\u00a0\u00a0Sch\u00e4tzen Sie die Gr\u00f6\u00dfe unserer Zielgruppe und ihr Nutzungsverhalten;<\/li>\n<li aria-level=\"1\">\u00a0\u00a0\u00a0\u00a0Informationen \u00fcber Ihre Pr\u00e4ferenzen zu speichern und somit unsere Website Ihren individuellen Interessen anzupassen;<\/li>\n<li aria-level=\"1\">\u00a0\u00a0\u00a0\u00a0Beschleunigen Sie Ihre Forschung;<\/li>\n<li aria-level=\"1\">\u00a0\u00a0\u00a0\u00a0Sie wiederzuerkennen, wenn Sie auf unsere Website zur\u00fcckkehren;<\/li>\n<li aria-level=\"1\">\u00a0\u00a0\u00a0\u00a0Kommerzielle Informationen zu optimieren und Ihnen Informationen, Produkte oder Dienstleistungen mitzuteilen, die Sie von uns anfordern oder die Ihren Interessenschwerpunkten entsprechen, wenn Sie dem Erhalt unserer diesbez\u00fcglichen Informationen zugestimmt haben;<\/li>\n<li aria-level=\"1\">\u00a0\u00a0\u00a0\u00a0Unter bestimmten Umst\u00e4nden erm\u00f6glichen uns Ihre Daten, unsere Verpflichtungen im Zusammenhang mit einem zwischen uns und Ihnen geschlossenen Vertrag zu erf\u00fcllen. (z. B. Ausf\u00fchrung einer Bestellung oder Dienstleistung, Zusendung von Unterlagen usw.);<\/li>\n<li aria-level=\"1\">\u00a0\u00a0\u00a0\u00a0Wir k\u00f6nnen Ihre Daten auch verwenden, um Sie \u00fcber \u00c4nderungen und Entwicklungen in unserem Service zu informieren;<\/li>\n<li aria-level=\"1\">\u00a0\u00a0\u00a0\u00a0Wenn Sie uns die personenbezogenen Daten einer anderen Person zur Verf\u00fcgung stellen, best\u00e4tigen Sie, dass diese damit einverstanden sind, dass Sie in ihrem Namen handeln, und dass Sie sie \u00fcber unsere Identit\u00e4t und die Zwecke, f\u00fcr die wir ihre Daten verarbeiten, informiert haben.<\/li>\n<\/ul>\n<p>&nbsp;<\/p>\n<ol start=\"2\">\n<li>Welche Daten erheben wir?<\/li>\n<\/ol>\n<p>&nbsp;<\/p>\n<p>Wir k\u00f6nnen die folgenden personenbezogenen Daten auf unterschiedliche Weise erheben und verarbeiten:<\/p>\n<p>&nbsp;<\/p>\n<ol>\n<li>a) Durch den Besuch der Website<\/li>\n<\/ol>\n<p>Bei jedem Zugriff eines Kunden (oder sonstigen Besuchers) auf unsere Website werden durch den auf Ihrem Endger\u00e4t (Computer, Laptop, Tablet, Smartphone o.\u00e4.) zum Einsatz kommenden Internetbrowser automatisch Informationen an den Server unserer Website gesendet. Diese Informationen werden tempor\u00e4r in einem sog. Logfile (Logfile) gespeichert.<\/p>\n<p>&nbsp;<\/p>\n<p>Folgende Daten werden dabei erfasst und bis zur automatisierten L\u00f6schung gespeichert:<\/p>\n<p>&nbsp;<\/p>\n<ul>\n<li aria-level=\"1\">IP-Adresse des anfragenden Rechners, sowie Ger\u00e4tekennung bzw. individuelle Kennung und Ger\u00e4tetyp;<\/li>\n<li aria-level=\"1\">\u00a0\u00a0\u00a0\u00a0Name der wiederhergestellten Datei und \u00fcbertragene Datenmenge sowie Datum und Uhrzeit der Wiederherstellung;<\/li>\n<li aria-level=\"1\">\u00a0\u00a0\u00a0\u00a0Anfordernde Dom\u00e4ne;<\/li>\n<li aria-level=\"1\">\u00a0\u00a0\u00a0\u00a0Beschreibung des verwendeten Browsertyps und ggf. des Betriebssystems Ihres Endger\u00e4ts sowie der Name Ihres Access-Providers;<\/li>\n<li aria-level=\"1\">\u00a0\u00a0\u00a0\u00a0Ihr Browserverlauf und Standard-Blog-Informationen;<\/li>\n<li aria-level=\"1\">\u00a0\u00a0\u00a0\u00a0Standortdaten, einschlie\u00dflich Standortdaten von Ihrem Mobilger\u00e4t. Beachten Sie, dass Sie bei den meisten Mobilger\u00e4ten die Verwendung von Ortungsdiensten im Einstellungsmen\u00fc des Mobilger\u00e4ts steuern oder deaktivieren k\u00f6nnen.<\/li>\n<\/ul>\n<p>&nbsp;<\/p>\n<ol>\n<li>b) Durch Nutzung unseres Kontaktformulars<\/li>\n<\/ol>\n<p>Bei Fragen jeglicher Art bieten wir Ihnen die M\u00f6glichkeit, mit uns \u00fcber ein auf der Seite bereitgestelltes Formular Kontakt aufzunehmen. Daher werden zumindest Informationen gesammelt, damit wir wissen, von wem die Anfrage stammt, und um darauf reagieren zu k\u00f6nnen. Es k\u00f6nnen weitere Informationen angefordert werden, und Sie k\u00f6nnen deren Erfassung ablehnen. Die f\u00fcr die Benutzung des Kontaktformulars von uns erhobenen personenbezogenen Daten werden nach Erledigung der von Ihnen gestellten Anfrage automatisch gel\u00f6scht. Wir k\u00f6nnen diese Korrespondenz jedoch aufzeichnen und wir k\u00f6nnen Ihre Kommunikation mit uns f\u00fcr Qualit\u00e4tspr\u00fcfungen und Schulungszwecke aufzeichnen.<\/p>\n<p>&nbsp;<\/p>\n<ol>\n<li>c) Bei Abschluss eines Vertragsverh\u00e4ltnisses<\/li>\n<\/ol>\n<p>Bei einem Vertragsabschluss auf unserer Website fragen wir Sie nach den personenbezogenen Daten, zu deren Erhebung und Verarbeitung wir gesetzlich verpflichtet oder berechtigt sind und die wir f\u00fcr Ihre Authentifizierung, Identifizierung oder Verifizierung ben\u00f6tigen. Die Speicherdauer beschr\u00e4nkt sich auf den Vertragsgegenstand und ggf. auf gesetzliche und vertragliche Aufbewahrungspflichten.<\/p>\n<p>&nbsp;<\/p>\n<ol start=\"3\">\n<li>Weitergabe personenbezogener Daten<\/li>\n<\/ol>\n<p>&nbsp;<\/p>\n<p>Wir geben Ihre Daten nicht zu anderen als den unten aufgef\u00fchrten Zwecken an Dritte weiter:<\/p>\n<p>&nbsp;<\/p>\n<p>Wir geben Ihre Informationen nur an Dritte weiter, wenn:<\/p>\n<ul>\n<li aria-level=\"1\">\u00a0\u00a0\u00a0\u00a0Sie haben Ihre ausdr\u00fcckliche Einwilligung erteilt.<\/li>\n<li aria-level=\"1\">\u00a0\u00a0\u00a0\u00a0Die Erf\u00fcllung eines Vertrages, den wir mit Ihnen abgeschlossen haben.<\/li>\n<li aria-level=\"1\">\u00a0\u00a0\u00a0\u00a0Im Falle eines Verkaufs oder Kaufs eines unserer Unternehmen oder Verm\u00f6genswerte k\u00f6nnen wir Ihre Daten an den potenziellen Verk\u00e4ufer oder K\u00e4ufer dieser Unternehmen oder Verm\u00f6genswerte weitergeben;<\/li>\n<li aria-level=\"1\">\u00a0\u00a0\u00a0\u00a0Wenn wir oder eines unserer Verm\u00f6genswerte von einem Dritten erworben werden, werden auch alle von uns \u00fcber unsere Verbraucher gespeicherten Kontaktinformationen \u00fcbertragen;<\/li>\n<li aria-level=\"1\">\u00a0\u00a0\u00a0\u00a0Wenn wir verpflichtet sind, Ihre Daten offenzulegen oder weiterzugeben, um einer gesetzlichen Verpflichtung nachzukommen;<\/li>\n<li aria-level=\"1\">\u00a0\u00a0\u00a0\u00a0Um unsere Rechte, unser Eigentum oder unsere Sicherheit, unsere Verbraucher oder andere zu sch\u00fctzen;<\/li>\n<li aria-level=\"1\">\u00a0\u00a0\u00a0\u00a0Beim Austausch von Informationen mit anderen Unternehmen und Organisationen zum Zwecke des Betrugsschutzes und der Reduzierung des Kreditrisikos.<\/li>\n<\/ul>\n<p>&nbsp;<\/p>\n<ol start=\"4\">\n<li>Wo speichern wir Ihre personenbezogenen Daten und wie sch\u00fctzen wir sie?<\/li>\n<\/ol>\n<p>&nbsp;<\/p>\n<p>Alle Informationen, die Sie uns zur Verf\u00fcgung stellen, werden auf unseren sicheren Servern gespeichert.<\/p>\n<p>&nbsp;<\/p>\n<p>Die Sie betreffenden Daten werden in Deutschland und Frankreich gespeichert, k\u00f6nnen aber auch an einen Ort au\u00dferhalb des Europ\u00e4ischen Wirtschaftsraums (\u201eEWR\u201c) \u00fcbertragen und dort gespeichert werden. Sie k\u00f6nnen auch von Personen au\u00dferhalb des EWR verarbeitet werden, die f\u00fcr uns oder einen unserer Lieferanten und Partner arbeiten.<\/p>\n<p>&nbsp;<\/p>\n<p>Indem Sie Ihre Daten \u00fcbermitteln, stimmen Sie dieser \u00dcbertragung (einschlie\u00dflich \u00dcbertragungen in L\u00e4nder oder Gerichtsbarkeiten, die nicht unter das gleiche Schutzniveau wie die Europ\u00e4ische Union fallen), Speicherung oder Verarbeitung zu. Wir unternehmen alle vern\u00fcnftigerweise notwendigen Schritte, um sicherzustellen, dass Ihre Daten sicher und in \u00dcbereinstimmung mit dieser Datenschutzrichtlinie behandelt werden.<\/p>\n<p>&nbsp;<\/p>\n<p>Leider ist das Versenden von Informationen \u00fcber das Internet nicht absolut sicher. Obwohl wir uns bem\u00fchen, Ihre Kontaktdaten zu sch\u00fctzen, k\u00f6nnen wir die Sicherheit Ihrer an unsere Website \u00fcbermittelten Daten nicht garantieren. Sobald wir Ihre Informationen erhalten, wenden wir strenge Verfahren und Sicherheitsma\u00dfnahmen an, um einen unrechtm\u00e4\u00dfigen Zugriff auf Ihre Daten zu verhindern.<\/p>\n<p>&nbsp;<\/p>\n<ol start=\"5\">\n<li>Ihre Rechte<\/li>\n<\/ol>\n<p>&nbsp;<\/p>\n<p>Wir von MIERES IT setzen uns daf\u00fcr ein, dass die Ihnen durch die Datenschutzgesetzgebung zustehenden Rechte gew\u00e4hrleistet sind. Aus diesem Grund verpflichten wir uns, Ihnen die Aus\u00fcbung der unten genannten Rechte zu erm\u00f6glichen. Sie k\u00f6nnen eine Anfrage auf einem der im Abschnitt <a href=\"http:\/\/www.mieresit.com\/#contacts\">\u201eKontakt\u201c<\/a> angegebenen Wege stellen.<\/p>\n<p>&nbsp;<\/p>\n<p>Recht auf Zugang zu Ihren personenbezogenen Daten:<\/p>\n<ul>\n<li aria-level=\"1\">Sie haben das Recht, informiert zu werden, wenn Ihre personenbezogenen Daten von MIERES IT und seinen Partnern verarbeitet werden. Wenn dies der Fall ist, erkl\u00e4ren wir Ihnen, wie diese Partner Ihre Daten verwenden, und wir teilen Ihnen mit, warum und wie diese Daten verwendet werden, um welche Datenkategorien es sich handelt, an wen und wo diese Daten weitergegeben werden, ihre Aufbewahrungsfrist und wenn Ihre Daten durch eine automatisierte Verarbeitung verwendet werden, die insbesondere die Umsetzung automatisierter Einzelentscheidungen erm\u00f6glicht.<\/li>\n<li aria-level=\"1\">Sie k\u00f6nnen uns auch bitten, Ihnen eine Kopie dieser Daten zur Verf\u00fcgung zu stellen, was zur Zahlung einer angemessenen Geb\u00fchr auf der Grundlage der Verwaltungskosten f\u00fchren kann, die uns bei der Beantwortung Ihrer Anfrage entstehen. Diese Kosten fallen nicht an, wenn wir Ihnen diese Daten durch Ihr Recht auf \u00dcbertragbarkeit mitteilen k\u00f6nnen;<\/li>\n<\/ul>\n<p>&nbsp;<\/p>\n<ul>\n<li aria-level=\"1\">Recht auf Berichtigung: Korrekte Daten sind f\u00fcr MIERES IT unerl\u00e4sslich. Deshalb werden wir Ihre unrichtigen Daten unverz\u00fcglich berichtigen;<\/li>\n<\/ul>\n<p>&nbsp;<\/p>\n<ul>\n<li aria-level=\"1\">Recht auf L\u00f6schung (\u201eRecht auf Vergessenwerden\u201c): Sofern gesetzlich nichts anderes vorgeschrieben ist, l\u00f6schen wir Ihre Daten, um unseren gesetzlichen Verpflichtungen nachzukommen, insbesondere wenn Ihre Daten nicht mehr erforderlich sind oder wenn Sie uns darum bitten;<\/li>\n<li aria-level=\"1\">\u00a0\u00a0\u00a0\u00a0Recht auf Einschr\u00e4nkung der Verarbeitung: Sie k\u00f6nnen MIERES IT bitten, die Verarbeitung Ihrer personenbezogenen Daten einzuschr\u00e4nken, wenn Sie der Meinung sind, dass Ihre personenbezogenen Daten nicht korrekt sind, oder wenn Sie uns auffordern, Ihre Daten zu l\u00f6schen. Dar\u00fcber hinaus k\u00f6nnen Sie uns bitten, die Verarbeitung einzuschr\u00e4nken, wenn Sie ein Widerspruchsrecht gegen die Verarbeitung haben;<\/li>\n<li aria-level=\"1\">\u00a0\u00a0\u00a0\u00a0Recht auf Daten\u00fcbertragbarkeit: Sie k\u00f6nnen von uns eine Kopie der Daten, die Sie uns mitgeteilt haben, in einem strukturierten, g\u00e4ngigen und maschinenlesbaren Format verlangen, wenn die Verarbeitung dieser Daten mithilfe automatisierter Verfahren erfolgt. Wenn technisch m\u00f6glich, k\u00f6nnen Sie uns bitten, diese Daten direkt an Dritte zu senden;<\/li>\n<li aria-level=\"1\">\u00a0\u00a0\u00a0\u00a0Widerspruchsrecht: Unter bestimmten Umst\u00e4nden und aus Gr\u00fcnden, die mit Ihrer besonderen Situation zusammenh\u00e4ngen, k\u00f6nnen Sie der Verarbeitung Ihrer personenbezogenen Daten durch MIERES IT widersprechen. Wenn Sie diese Anfrage stellen und diese Anfrage geltendem Recht entspricht, werden wir Ihre Daten nicht mehr verarbeiten, es sei denn, wir weisen nach, dass die Verarbeitung personenbezogener Daten rechtm\u00e4\u00dfig und zwingend ist und dass letztere Vorrang vor Ihren Rechten, Interessen und Freiheiten hat. Wir k\u00f6nnen Ihre Daten weiterhin verarbeiten, wenn dies zur Geltendmachung, Aus\u00fcbung oder Verteidigung von Rechtsanspr\u00fcchen erforderlich ist. Wenn Sie keine Marketinginformationen von uns erhalten m\u00f6chten, klicken Sie bitte auf den folgenden Link;<\/li>\n<li aria-level=\"1\">\u00a0\u00a0\u00a0\u00a0Recht auf Beschwerde bei einer Aufsichtsbeh\u00f6rde: Wenn Sie der Meinung sind, dass MIERES IT diese Datenschutzrichtlinie nicht einh\u00e4lt oder dass Ihre durch geltendes Recht garantierten Rechte von MIERES IT nicht angemessen gesch\u00fctzt werden, haben Sie das Recht, eine Beschwerde bei einer Aufsichtsbeh\u00f6rde einzureichen . Z\u00f6gern Sie in jedem Fall nicht, unseren Datenschutzbeauftragten direkt unter folgender Adresse zu kontaktieren: <a href=\"mailto:contact@mieresit.com\">contact@mieresit.com<\/a><\/li>\n<\/ul>\n<p>&nbsp;<\/p>\n<p>Schlie\u00dflich werden wir alle angemessenen Ma\u00dfnahmen ergreifen, um jeden Empf\u00e4nger, dem die personenbezogenen Daten mitgeteilt wurden, \u00fcber jede Berichtigung oder L\u00f6schung personenbezogener Daten oder jede Einschr\u00e4nkung der durchgef\u00fchrten Verarbeitung zu informieren, es sei denn, eine solche Mitteilung erweist sich als unm\u00f6glich oder erfordert einen unverh\u00e4ltnism\u00e4\u00dfigen Aufwand.<\/p>\n<p>&nbsp;<\/p>\n<ol start=\"6\">\n<li>Aufbewahrungsfrist der gesammelten Daten<\/li>\n<\/ol>\n<p>&nbsp;<\/p>\n<p>Die Aufbewahrungsfrist f\u00fcr Daten und\/oder Informationen auf unserer Website betr\u00e4gt 13 Monate, mit Ausnahme von Daten, die gem\u00e4\u00df den geltenden Rechtsvorschriften einem Anonymisierungsprozess unterzogen wurden. Bestimmte Daten k\u00f6nnen jedoch l\u00e4nger aufbewahrt werden, insbesondere f\u00fcr die gesamte Dauer Ihres Vertrages und bis zu ihrer L\u00f6schung, falls erforderlich, f\u00fcr die Dauer, die in einem eventuell mit MIERES IT abgeschlossenen Dienstleistungsvertrag festgelegt ist.<\/p>\n<p>&nbsp;<\/p>\n<ol start=\"7\">\n<li>Cookie-Richtlinie<\/li>\n<\/ol>\n<p>&nbsp;<\/p>\n<p>Wir k\u00f6nnen auch Informationen \u00fcber Ihre allgemeine Internetnutzung erhalten, indem wir Zugriffsger\u00e4te vom Typ Cookie verwenden (ein Cookie ist eine kleine Textdatei, die auf der Festplatte Ihres Computers gespeichert wird). Cookies helfen uns, unsere Website zu verbessern und einen besseren und pers\u00f6nlicheren Service zu bieten. Cookies werden von Ihrem Internetbrowser verwaltet und nur der Aussteller eines Cookies kann entscheiden, ob er die darin enthaltenen Informationen lesen oder \u00e4ndern m\u00f6chte.<\/p>\n<p>&nbsp;<\/p>\n<p>Ein Cookie hat eine begrenzte G\u00fcltigkeitsdauer. Die Hinterlegung und Speicherung auf Ihrem Endger\u00e4t erfolgt in \u00dcbereinstimmung mit den geltenden Gesetzen und vorbehaltlich der von Ihnen getroffenen Entscheidungen, die Sie jederzeit \u00e4ndern k\u00f6nnen, unter den in Artikel 5 oben genannten Bedingungen. Ein Cookie identifiziert Sie nicht pers\u00f6nlich. Es erm\u00f6glicht seinem Herausgeber, Ihr Endger\u00e4t zu erkennen und eine bestimmte Menge an Informationen in Bezug auf die Navigation zu sammeln, die von diesem Endger\u00e4t aus durchgef\u00fchrt wird. Cookies haben mehrere Funktionen, zum Beispiel erm\u00f6glichen sie Ihnen, effizient auf einer Website oder einer Anwendung zu navigieren, erinnern sich an Ihre Auswahl, die Waren und Dienstleistungen, die Sie kaufen m\u00f6chten, und bieten Ihnen relevante Werbeinhalte gem\u00e4\u00df Ihren angegebenen Interessenschwerpunkten w\u00e4hrend des Surfens.<\/p>\n<p>&nbsp;<\/p>\n<p>Weitere Informationen zu Cookies finden Sie auf den folgenden Websites:<\/p>\n<p><a href=\"http:\/\/www.cnil.fr\">www.cnil.fr<\/a><\/p>\n<p><a href=\"http:\/\/www.allaboutcookies.org\">www.allaboutcookies.org<\/a><\/p>\n<p><a href=\"http:\/\/www.aboutcookies.org\">www.aboutcookies.org<\/a><\/p>\n<p><a href=\"http:\/\/www.youronlinechoices.eu\">www.youronlinechoices.eu<\/a><\/p>\n<p>&nbsp;<\/p>\n<p>Wir verwenden Session-Cookies, um das Passwort zu speichern, wenn Sie sich bei Ihrem Konto auf unserer Website anmelden. Dies soll verhindern, dass Sie es jedes Mal eingeben m\u00fcssen, wenn Sie Bereiche auf unserer Website wechseln. Diese Cookies werden automatisch gel\u00f6scht, wenn Sie unsere Website verlassen, es sei denn, Sie entscheiden sich daf\u00fcr, Ihre Benutzernamen und Passw\u00f6rter in Ihrem Browser zu speichern. Um die Benutzerfreundlichkeit unserer Seite zu verbessern, setzen wir tempor\u00e4re Cookies ein, die f\u00fcr einen bestimmten festgelegten Zeitraum auf Ihrem Endger\u00e4t gespeichert werden. Besuchen Sie unsere Seite erneut, um unsere Dienste in Anspruch zu nehmen, werden Sie automatisch wiedererkannt und Ihre bereits get\u00e4tigten Eingaben und Einstellungen werden gespeichert, um diese nicht noch einmal eingeben zu m\u00fcssen.<\/p>\n<p>&nbsp;<\/p>\n<p>Die von unserer Website platzierten Cookies geben uns vorbehaltlich Ihrer Auswahl insbesondere Zugriff auf die folgenden Informationen:<\/p>\n<p>&nbsp;<\/p>\n<p>Identifikatoren der von Ihnen verwendeten Ger\u00e4te (IP-Adresse Ihres Computers, Android-ID, Apple-ID usw.);<\/p>\n<p>Art des von Ihrem Endger\u00e4t verwendeten Betriebssystems (Microsoft Windows, Apple OS, Linux, Unix, BeOS usw.);<\/p>\n<p>Typ und Version der von Ihrem Ger\u00e4t verwendeten Browsersoftware (Microsoft Internet Explorer, Apple Safari, Mozilla Firefox, Google Chrome usw.);<\/p>\n<p>Datum und Uhrzeit der Verbindung zu unseren Diensten;<\/p>\n<p>Adresse der urspr\u00fcnglichen Internetseite (\u201eReferrer\u201c);<\/p>\n<p>Browsing-Daten zu unseren Diensten, angesehene Inhalte;<\/p>\n<p>&nbsp;<\/p>\n<p>Wenn Sie Cookies l\u00f6schen m\u00f6chten, lesen Sie bitte die Anweisungen Ihres Browsers oder Ihrer Dateiverwaltungssoftware, um die Datei oder das Verzeichnis zu finden, in dem Cookies gespeichert sind. Sie k\u00f6nnen die Annahme von Cookies ablehnen, indem Sie die Einstellung aktivieren, die es Ihnen erm\u00f6glicht, die Installation von Cookies auf Ihrem Computer abzulehnen. Wenn Sie diese Einstellung w\u00e4hlen, k\u00f6nnen Sie jedoch m\u00f6glicherweise auf bestimmte Teile unserer Website nicht zugreifen. Daher sendet unser System Cookies, wenn Sie sich mit unserer Website verbinden, es sei denn, Sie haben Ihre Browsereinstellungen so angepasst, dass Cookies abgelehnt werden.<\/p>\n<p>&nbsp;<\/p>\n<p>Unsere Website verwendet PHP-, Java- und JavaScript-Technologien. Wenn Sie diese aus Sicherheitsgr\u00fcnden nicht w\u00fcnschen, deaktivieren Sie bitte die entsprechende Einstellung in Ihrem Browser.<\/p>\n<p>&nbsp;<\/p>\n<ol start=\"8\">\n<li>Datensicherheit<\/li>\n<\/ol>\n<p>&nbsp;<\/p>\n<p>Leider ist das Versenden von Informationen \u00fcber das Internet nicht absolut sicher. Obwohl wir uns bem\u00fchen, Ihre Kontaktdaten zu sch\u00fctzen, k\u00f6nnen wir die Sicherheit Ihrer an unsere Website \u00fcbermittelten Daten nicht garantieren. Sobald wir Ihre Informationen erhalten, verwenden wir strenge Verfahren und Sicherheitsvorkehrungen, um unbefugten Zugriff auf Ihre Daten zu verhindern.<\/p>\n<p>Sollten Sie mit uns per E-Mail in Kontakt treten wollen, weisen wir darauf hin, dass bei diesem Kommunikationsweg die Vertraulichkeit der \u00fcbermittelten Informationen nicht vollst\u00e4ndig gew\u00e4hrleistet werden kann. Wir empfehlen Ihnen daher, vertrauliche Informationen nur per Post an uns zu senden.<\/p>\n<p>&nbsp;<\/p>\n<ol start=\"10\">\n<li>Aktualisierungen und \u00c4nderungen dieser Datenschutzrichtlinie<\/li>\n<\/ol>\n<p>&nbsp;<\/p>\n<p>Diese Datenschutzerkl\u00e4rung ist aktuell g\u00fcltig.<\/p>\n<p>Durch die Weiterentwicklung unserer Website und Angebote dar\u00fcber oder aufgrund ge\u00e4nderter gesetzlicher beziehungsweise beh\u00f6rdlicher Vorgaben kann es notwendig werden, diese Datenschutzerkl\u00e4rung zu \u00e4ndern. Alle \u00c4nderungen, die wir in Zukunft an unserer Datenschutzrichtlinie vornehmen, werden auf dieser Seite ver\u00f6ffentlicht. Wenn sich diese \u00c4nderung als wesentlich herausstellt, verpflichten wir uns, Sie so schnell wie m\u00f6glich mit angemessenen Mitteln zu informieren.<\/p>\n<p>&nbsp;<\/p>\n<p>Die jeweils aktuelle Datenschutzerkl\u00e4rung kann jederzeit auf der Website unter https:\/\/www.mieresit.com\/data-protection von Ihnen abgerufen und ausgedruckt werden.<\/p>\n<p>&nbsp;<\/p>\n<p>11.Kontakt<\/p>\n<p>Wenn Sie Fragen zu dieser Datenschutzrichtlinie und dazu haben, wie wir Ihre personenbezogenen Daten verwenden, sind diese willkommen und sollten an <a href=\"mailto:contact@mieresit.com\">contact@mieresit.com<\/a> gerichtet werden<\/p>\n<p>MIERES IT, 11 rue de Concarneau, 29910 Tr\u00e9gunc<\/p>\n<\/div>\n\t\t<\/div><\/div><\/div><div id=\"pgc-650-0-1\"  class=\"panel-grid-cell panel-grid-cell-empty\" ><\/div><\/div><div id=\"pg-650-1\"  class=\"panel-grid panel-has-style\" ><div class=\"scedule-box panel-row-style panel-row-style-for-650-1\" ><div id=\"pgc-650-1-0\"  class=\"panel-grid-cell panel-grid-cell-empty panel-grid-cell-mobile-last\" ><\/div><div id=\"pgc-650-1-1\"  class=\"panel-grid-cell panel-grid-cell-empty\" ><\/div><\/div><\/div><div id=\"pg-650-2\"  class=\"panel-grid panel-has-style\" ><div class=\"siteorigin-panels-stretch panel-row-style panel-row-style-for-650-2\" id=\"contacts\" data-stretch-type=\"full-stretched-padded\" ><div id=\"pgc-650-2-0\"  class=\"panel-grid-cell panel-grid-cell-empty\" ><\/div><\/div><\/div><div id=\"pg-650-3\"  class=\"panel-grid panel-no-style\" ><div id=\"pgc-650-3-0\"  class=\"panel-grid-cell panel-grid-cell-empty panel-grid-cell-mobile-last\" ><\/div><div id=\"pgc-650-3-1\"  class=\"panel-grid-cell panel-grid-cell-empty\" ><\/div><\/div><div id=\"pg-650-4\"  class=\"panel-grid panel-has-style\" ><div class=\"scedule-box panel-row-style panel-row-style-for-650-4\" ><div id=\"pgc-650-4-0\"  class=\"panel-grid-cell panel-grid-cell-empty panel-grid-cell-mobile-last\" ><\/div><div id=\"pgc-650-4-1\"  class=\"panel-grid-cell panel-grid-cell-empty\" ><\/div><\/div><\/div><\/div>","protected":false},"excerpt":{"rendered":"<p>Wir freuen uns \u00fcber Ihren Besuch auf unserer Website https:\/\/www.mieresit.com und bedanken uns f\u00fcr Ihr Interesse an unserem Unternehmen und seinen Angeboten. &nbsp; Diese Datenschutzrichtlinie dient als Referenztext f\u00fcr die Verarbeitung aller personenbezogenen Daten, die wir erheben oder die Sie uns \u00fcber die Website zur Verf\u00fcgung stellen, die unter der Adresse http:\/\/www.mieresit.com und ihren Subdomains [&hellip;]<\/p>\n","protected":false},"author":1,"featured_media":0,"parent":0,"menu_order":0,"comment_status":"closed","ping_status":"open","template":"","meta":{"inline_featured_image":false},"_links":{"self":[{"href":"https:\/\/www.mieres.it\/de\/wp-json\/wp\/v2\/pages\/650"}],"collection":[{"href":"https:\/\/www.mieres.it\/de\/wp-json\/wp\/v2\/pages"}],"about":[{"href":"https:\/\/www.mieres.it\/de\/wp-json\/wp\/v2\/types\/page"}],"author":[{"embeddable":true,"href":"https:\/\/www.mieres.it\/de\/wp-json\/wp\/v2\/users\/1"}],"replies":[{"embeddable":true,"href":"https:\/\/www.mieres.it\/de\/wp-json\/wp\/v2\/comments?post=650"}],"version-history":[{"count":40,"href":"https:\/\/www.mieres.it\/de\/wp-json\/wp\/v2\/pages\/650\/revisions"}],"predecessor-version":[{"id":1353,"href":"https:\/\/www.mieres.it\/de\/wp-json\/wp\/v2\/pages\/650\/revisions\/1353"}],"wp:attachment":[{"href":"https:\/\/www.mieres.it\/de\/wp-json\/wp\/v2\/media?parent=650"}],"curies":[{"name":"wp","href":"https:\/\/api.w.org\/{rel}","templated":true}]}}