{"id":520,"date":"2022-06-05T12:50:47","date_gmt":"2022-06-05T12:50:47","guid":{"rendered":"https:\/\/mieresitwebsite.u2.mieres.fr\/?page_id=520"},"modified":"2023-04-18T18:47:05","modified_gmt":"2023-04-18T18:47:05","slug":"services-cloud","status":"publish","type":"page","link":"https:\/\/www.mieres.it\/de\/services-cloud\/","title":{"rendered":"Cloud &#038; Hardware Technik"},"content":{"rendered":"<div id=\"pl-520\"  class=\"panel-layout\" ><div id=\"pg-520-0\"  class=\"panel-grid panel-no-style\" ><div id=\"pgc-520-0-0\"  class=\"panel-grid-cell panel-grid-cell-mobile-last\" ><div id=\"panel-520-0-0-0\" class=\"so-panel widget widget_text panel-first-child panel-last-child\" data-index=\"0\" ><div class=\"heading-2 panel-widget-style panel-widget-style-for-520-0-0-0\" ><h3 class=\"widget-title\">Cloud &#038; Hardware Technik<\/h3>\t\t\t<div class=\"textwidget\"><\/div>\n\t\t<\/div><\/div><\/div><div id=\"pgc-520-0-1\"  class=\"panel-grid-cell panel-grid-cell-empty\" ><\/div><\/div><div id=\"pg-520-1\"  class=\"panel-grid panel-no-style\" ><div id=\"pgc-520-1-0\"  class=\"panel-grid-cell panel-grid-cell-empty\" ><\/div><\/div><div id=\"pg-520-2\"  class=\"panel-grid panel-has-style\" ><div class=\"scedule-box panel-row-style panel-row-style-for-520-2\" ><div id=\"pgc-520-2-0\"  class=\"panel-grid-cell\" ><div id=\"panel-520-2-0-0\" class=\"so-panel widget widget_text panel-first-child\" data-index=\"1\" ><h3 class=\"widget-title\">Web-hosting<\/h3>\t\t\t<div class=\"textwidget\"><\/div>\n\t\t<\/div><div id=\"panel-520-2-0-1\" class=\"so-panel widget widget_text\" data-index=\"2\" >\t\t\t<div class=\"textwidget\"><p>Profitieren Sie von hochwertigen <span class=\"blue\">web hosting<\/span> mit hoher Kapazit\u00e4t.<\/p>\n<p><span class=\"blue\">Mieres IT<\/span> gew\u00e4hrleistet Ihnen eine Nachverfolgung und technische Wartung Ihrer Website sowie die Wartung des Servers.<\/p>\n<\/div>\n\t\t<\/div><div id=\"panel-520-2-0-2\" class=\"so-panel widget widget_sow-button panel-last-child\" data-index=\"3\" ><div\n\t\t\t\n\t\t\tclass=\"so-widget-sow-button so-widget-sow-button-atom-e0f6669bcefb-520\"\n\t\t\t\n\t\t><div class=\"ow-button-base ow-button-align-left\">\n\t<a\n\thref=\"\/#panel-8-11-0-0\"\n\t\tclass=\"ow-icon-placement-left ow-button-hover\" \t>\n\t\t<span>\n\t\t\t<span class=\"sow-icon-fontawesome sow-far\" data-sow-icon=\"&#xf35b;\"\n\t\tstyle=\"color: #32befc\" \n\t\taria-hidden=\"true\"><\/span>\n\t\t\tkontaktiere uns\t\t<\/span>\n\t<\/a>\n<\/div>\n<\/div><\/div><\/div><div id=\"pgc-520-2-1\"  class=\"panel-grid-cell\" ><div id=\"panel-520-2-1-0\" class=\"so-panel widget widget_media_image panel-first-child panel-last-child\" data-index=\"4\" ><img width=\"640\" height=\"428\" src=\"https:\/\/www.mieres.it\/wp-content\/uploads\/2022\/07\/pexels-panumas-nikhomkhai-11488202-1024x684.jpg\" class=\"image wp-image-837  attachment-large size-large\" alt=\"\" decoding=\"async\" loading=\"lazy\" style=\"max-width: 100%; height: auto;\" srcset=\"https:\/\/www.mieres.it\/wp-content\/uploads\/2022\/07\/pexels-panumas-nikhomkhai-11488202-1024x684.jpg 1024w, https:\/\/www.mieres.it\/wp-content\/uploads\/2022\/07\/pexels-panumas-nikhomkhai-11488202-300x200.jpg 300w, https:\/\/www.mieres.it\/wp-content\/uploads\/2022\/07\/pexels-panumas-nikhomkhai-11488202-768x513.jpg 768w, https:\/\/www.mieres.it\/wp-content\/uploads\/2022\/07\/pexels-panumas-nikhomkhai-11488202-1536x1025.jpg 1536w\" sizes=\"(max-width: 640px) 100vw, 640px\" \/><\/div><\/div><\/div><\/div><div id=\"pg-520-3\"  class=\"panel-grid panel-has-style\" ><div class=\"siteorigin-panels-stretch panel-row-style panel-row-style-for-520-3\" id=\"contacts\" data-stretch-type=\"full-stretched-padded\" ><div id=\"pgc-520-3-0\"  class=\"panel-grid-cell panel-grid-cell-empty\" ><\/div><\/div><\/div><div id=\"pg-520-4\"  class=\"panel-grid panel-has-style\" ><div class=\"scedule-box panel-row-style panel-row-style-for-520-4\" ><div id=\"pgc-520-4-0\"  class=\"panel-grid-cell\" ><div id=\"panel-520-4-0-0\" class=\"so-panel widget widget_media_image panel-first-child panel-last-child\" data-index=\"5\" ><img width=\"640\" height=\"427\" src=\"https:\/\/www.mieres.it\/wp-content\/uploads\/2022\/07\/pexels-fauxels-3184465-1024x683.jpg\" class=\"image wp-image-856  attachment-large size-large\" alt=\"\" decoding=\"async\" loading=\"lazy\" style=\"max-width: 100%; height: auto;\" srcset=\"https:\/\/www.mieres.it\/wp-content\/uploads\/2022\/07\/pexels-fauxels-3184465-1024x683.jpg 1024w, https:\/\/www.mieres.it\/wp-content\/uploads\/2022\/07\/pexels-fauxels-3184465-300x200.jpg 300w, https:\/\/www.mieres.it\/wp-content\/uploads\/2022\/07\/pexels-fauxels-3184465-768x512.jpg 768w, https:\/\/www.mieres.it\/wp-content\/uploads\/2022\/07\/pexels-fauxels-3184465-1536x1024.jpg 1536w\" sizes=\"(max-width: 640px) 100vw, 640px\" \/><\/div><\/div><div id=\"pgc-520-4-1\"  class=\"panel-grid-cell\" ><div id=\"panel-520-4-1-0\" class=\"so-panel widget widget_text panel-first-child\" data-index=\"6\" ><h3 class=\"widget-title\">IT-Beratung<\/h3>\t\t\t<div class=\"textwidget\"><\/div>\n\t\t<\/div><div id=\"panel-520-4-1-1\" class=\"so-panel widget widget_text panel-last-child\" data-index=\"7\" >\t\t\t<div class=\"textwidget\"><p>Mit \u00fcber 20 Jahren Expertise in diesem Bereich unterst\u00fctzt <span class=\"blue\">Mieres IT <\/span>Sie bei der Entwicklung und Optimierung Ihrer IT-Ausstattung.<\/p>\n<p>Wir bieten Ihnen ma\u00dfgeschneiderte Unterst\u00fctzung w\u00e4hrend Ihrer Projekte und beraten Sie bei der besten Wahl f\u00fcr Ihr IS<\/p>\n<p><span class=\"blue\">Mieres IT <\/span>f\u00fchrt Sie zu den besten IT-Strategien, die Sie umsetzen k\u00f6nnen.<\/p>\n<p>Wir helfen Ihnen bei der Auswahl der Technologien f\u00fcr Ihr <span class=\"blue\">Entwicklungsprojekt<\/span>.<\/p>\n<p>W\u00e4hrend des gesamten Prozesses kann unser Team Ihnen auch helfen und Ihnen wichtige technologische Unterst\u00fctzung bieten.<\/p>\n<p>Wir werden jederzeit 7 Tage die Woche, 24 Stunden am Tag erreichbar sein.<\/p>\n<\/div>\n\t\t<\/div><\/div><\/div><\/div><div id=\"pg-520-5\"  class=\"panel-grid panel-no-style\" ><div id=\"pgc-520-5-0\"  class=\"panel-grid-cell panel-grid-cell-empty\" ><\/div><\/div><div id=\"pg-520-6\"  class=\"panel-grid panel-no-style\" ><div id=\"pgc-520-6-0\"  class=\"panel-grid-cell\" ><div id=\"panel-520-6-0-0\" class=\"so-panel widget widget_text panel-first-child panel-last-child\" data-index=\"8\" ><div class=\"heading-2 panel-widget-style panel-widget-style-for-520-6-0-0\" ><h3 class=\"widget-title\">Sonstige Dienstleistungen<\/h3>\t\t\t<div class=\"textwidget\"><\/div>\n\t\t<\/div><\/div><\/div><\/div><div id=\"pg-520-7\"  class=\"panel-grid panel-has-style\" ><div class=\"services-wrp panel-row-style panel-row-style-for-520-7\" id=\"service_box_services_cloud\" ><div id=\"pgc-520-7-0\"  class=\"panel-grid-cell\" ><div class=\"service_box panel-cell-style panel-cell-style-for-520-7-0\" ><div id=\"panel-520-7-0-0\" class=\"so-panel widget widget_text panel-first-child\" data-index=\"9\" ><div class=\"heading-3 panel-widget-style panel-widget-style-for-520-7-0-0\" >\t\t\t<div class=\"textwidget\"><p><a href=\"https:\/\/mieresitwebsite.u2.mieres.fr\/developpement-logiciel-et-gestion-de-projets-logiciels\/\">Individuelle<\/a><\/p>\n<p><a href=\"https:\/\/mieresitwebsite.u2.mieres.fr\/de\/developpement-logiciel-et-gestion-de-projets-logiciels\/\">Softwareentwicklung &#038;<\/a><\/p>\n<p><a href=\"https:\/\/mieresitwebsite.u2.mieres.fr\/de\/developpement-logiciel-et-gestion-de-projets-logiciels\/\">Software Projekt management<\/a><\/p>\n<\/div>\n\t\t<\/div><\/div><div id=\"panel-520-7-0-1\" class=\"so-panel widget widget_sow-button panel-last-child\" data-index=\"10\" ><div class=\"services-box-btn panel-widget-style panel-widget-style-for-520-7-0-1\" ><div\n\t\t\t\n\t\t\tclass=\"so-widget-sow-button so-widget-sow-button-atom-e0f6669bcefb-520\"\n\t\t\t\n\t\t><div class=\"ow-button-base ow-button-align-left\">\n\t<a\n\thref=\"\/developpement-logiciel-et-gestion-de-projets-logiciels\/\"\n\t\tclass=\"ow-icon-placement-right ow-button-hover\" \t>\n\t\t<span>\n\t\t\t<span class=\"sow-icon-fontawesome sow-fas\" data-sow-icon=\"&#xf30c;\"\n\t\tstyle=\"color: #b91818\" \n\t\taria-hidden=\"true\"><\/span>\n\t\t\tMehr sehen\t\t<\/span>\n\t<\/a>\n<\/div>\n<\/div><\/div><\/div><\/div><\/div><div id=\"pgc-520-7-1\"  class=\"panel-grid-cell\" ><div class=\"service_box panel-cell-style panel-cell-style-for-520-7-1\" ><div id=\"panel-520-7-1-0\" class=\"so-panel widget widget_text panel-first-child\" data-index=\"11\" ><div class=\"heading-3 panel-widget-style panel-widget-style-for-520-7-1-0\" >\t\t\t<div class=\"textwidget\"><p><a href=\"https:\/\/mieresitwebsite.u2.mieres.fr\/saas\/\">Saas<\/a><\/p>\n<\/div>\n\t\t<\/div><\/div><div id=\"panel-520-7-1-1\" class=\"so-panel widget widget_sow-button panel-last-child\" data-index=\"12\" ><div class=\"services-box-btn panel-widget-style panel-widget-style-for-520-7-1-1\" ><div\n\t\t\t\n\t\t\tclass=\"so-widget-sow-button so-widget-sow-button-atom-e0f6669bcefb-520\"\n\t\t\t\n\t\t><div class=\"ow-button-base ow-button-align-left\">\n\t<a\n\thref=\"\/saas\/\"\n\t\tclass=\"ow-icon-placement-right ow-button-hover\" \t>\n\t\t<span>\n\t\t\t<span class=\"sow-icon-fontawesome sow-fas\" data-sow-icon=\"&#xf30c;\"\n\t\tstyle=\"color: #b91818\" \n\t\taria-hidden=\"true\"><\/span>\n\t\t\tMehr sehen\t\t<\/span>\n\t<\/a>\n<\/div>\n<\/div><\/div><\/div><\/div><\/div><\/div><\/div><\/div>","protected":false},"excerpt":{"rendered":"<p>Cloud &#038; Hardware Technik Web-hosting Profitieren Sie von hochwertigen web hosting mit hoher Kapazit\u00e4t. Mieres IT gew\u00e4hrleistet Ihnen eine Nachverfolgung und technische Wartung Ihrer Website sowie die Wartung des Servers. kontaktiere uns IT-Beratung Mit \u00fcber 20 Jahren Expertise in diesem Bereich unterst\u00fctzt Mieres IT Sie bei der Entwicklung und Optimierung Ihrer IT-Ausstattung. Wir bieten Ihnen [&hellip;]<\/p>\n","protected":false},"author":1,"featured_media":0,"parent":0,"menu_order":0,"comment_status":"closed","ping_status":"open","template":"","meta":{"inline_featured_image":false},"_links":{"self":[{"href":"https:\/\/www.mieres.it\/de\/wp-json\/wp\/v2\/pages\/520"}],"collection":[{"href":"https:\/\/www.mieres.it\/de\/wp-json\/wp\/v2\/pages"}],"about":[{"href":"https:\/\/www.mieres.it\/de\/wp-json\/wp\/v2\/types\/page"}],"author":[{"embeddable":true,"href":"https:\/\/www.mieres.it\/de\/wp-json\/wp\/v2\/users\/1"}],"replies":[{"embeddable":true,"href":"https:\/\/www.mieres.it\/de\/wp-json\/wp\/v2\/comments?post=520"}],"version-history":[{"count":92,"href":"https:\/\/www.mieres.it\/de\/wp-json\/wp\/v2\/pages\/520\/revisions"}],"predecessor-version":[{"id":1327,"href":"https:\/\/www.mieres.it\/de\/wp-json\/wp\/v2\/pages\/520\/revisions\/1327"}],"wp:attachment":[{"href":"https:\/\/www.mieres.it\/de\/wp-json\/wp\/v2\/media?parent=520"}],"curies":[{"name":"wp","href":"https:\/\/api.w.org\/{rel}","templated":true}]}}