{"id":488,"date":"2022-06-05T11:38:45","date_gmt":"2022-06-05T11:38:45","guid":{"rendered":"https:\/\/mieresitwebsite.u2.mieres.fr\/?page_id=488"},"modified":"2023-04-18T18:54:40","modified_gmt":"2023-04-18T18:54:40","slug":"saas","status":"publish","type":"page","link":"https:\/\/www.mieres.it\/de\/saas\/","title":{"rendered":"Saas"},"content":{"rendered":"<div id=\"pl-488\"  class=\"panel-layout\" ><div id=\"pg-488-0\"  class=\"panel-grid panel-no-style\" ><div id=\"pgc-488-0-0\"  class=\"panel-grid-cell panel-grid-cell-mobile-last\" ><div id=\"panel-488-0-0-0\" class=\"so-panel widget widget_text panel-first-child panel-last-child\" data-index=\"0\" ><div class=\"heading-2 panel-widget-style panel-widget-style-for-488-0-0-0\" ><h3 class=\"widget-title\">SAAS<\/h3>\t\t\t<div class=\"textwidget\"><\/div>\n\t\t<\/div><\/div><\/div><div id=\"pgc-488-0-1\"  class=\"panel-grid-cell panel-grid-cell-empty\" ><\/div><\/div><div id=\"pg-488-1\"  class=\"panel-grid panel-no-style\" ><div id=\"pgc-488-1-0\"  class=\"panel-grid-cell\" ><div id=\"panel-488-1-0-0\" class=\"so-panel widget widget_text panel-first-child panel-last-child\" data-index=\"1\" ><h3 class=\"widget-title\">CAI-L\u00f6sung<\/h3>\t\t\t<div class=\"textwidget\"><p>Wir bieten unseren Kunden einen <span class=\"blue\">innovativen<\/span> und <span class=\"blue\">ma\u00dfgeschneiderten<\/span> Softwareservice f\u00fcr die industrielle Aktivit\u00e4tskontrolle.<br \/>\nWir respektieren die Standards der Computertechnologien.<br \/>\nDiese Software k\u00fcmmert sich um die Verwaltung Ihrer Aktivit\u00e4ten, die Bereitstellung von Kundendaten und die Erstellung von Berichten \u00fcber diese Aktivit\u00e4ten.<br \/>\nDank dieser Software k\u00f6nnen Sie mit den Hauptakteuren Ihres Unternehmens zusammenarbeiten.<br \/>\nEs wurde speziell f\u00fcr die Industrie entwickelt und erf\u00fcllt problemlos Ihre Anforderungen.<\/p>\n<\/div>\n\t\t<\/div><\/div><div id=\"pgc-488-1-1\"  class=\"panel-grid-cell\" ><div id=\"panel-488-1-1-0\" class=\"so-panel widget widget_media_image panel-first-child panel-last-child\" data-index=\"2\" ><img width=\"1920\" height=\"1024\" src=\"https:\/\/www.mieres.it\/wp-content\/uploads\/2022\/07\/pexels-pixabay-276452.jpg\" class=\"image wp-image-1174  attachment-full size-full\" alt=\"\" decoding=\"async\" loading=\"lazy\" style=\"max-width: 100%; height: auto;\" srcset=\"https:\/\/www.mieres.it\/wp-content\/uploads\/2022\/07\/pexels-pixabay-276452.jpg 1920w, https:\/\/www.mieres.it\/wp-content\/uploads\/2022\/07\/pexels-pixabay-276452-300x160.jpg 300w, https:\/\/www.mieres.it\/wp-content\/uploads\/2022\/07\/pexels-pixabay-276452-1024x546.jpg 1024w, https:\/\/www.mieres.it\/wp-content\/uploads\/2022\/07\/pexels-pixabay-276452-768x410.jpg 768w, https:\/\/www.mieres.it\/wp-content\/uploads\/2022\/07\/pexels-pixabay-276452-1536x819.jpg 1536w\" sizes=\"(max-width: 1920px) 100vw, 1920px\" \/><\/div><\/div><\/div><div id=\"pg-488-2\"  class=\"panel-grid panel-no-style\" ><div id=\"pgc-488-2-0\"  class=\"panel-grid-cell panel-grid-cell-empty\" ><\/div><\/div><div id=\"pg-488-3\"  class=\"panel-grid panel-no-style\" ><div id=\"pgc-488-3-0\"  class=\"panel-grid-cell\" ><div id=\"panel-488-3-0-0\" class=\"so-panel widget widget_text panel-first-child panel-last-child\" data-index=\"3\" ><h3 class=\"widget-title\">Einfachheit der Arbeit<\/h3>\t\t\t<div class=\"textwidget\"><p>Mit unserer CAI-L\u00f6sung k\u00f6nnen Sie beruhigt arbeiten. Wir k\u00fcmmern uns um die Organisation Ihrer Aktivit\u00e4ten. Die Software ist einfach zu bedienen und bietet Ihnen die beste Arbeitserfahrung<\/p>\n<\/div>\n\t\t<\/div><\/div><div id=\"pgc-488-3-1\"  class=\"panel-grid-cell\" ><div id=\"panel-488-3-1-0\" class=\"so-panel widget widget_text panel-first-child panel-last-child\" data-index=\"4\" ><h3 class=\"widget-title\">Aufgabenteilung<\/h3>\t\t\t<div class=\"textwidget\"><p>Dank dieser Technologie k\u00f6nnen Sie Ihre Aktivit\u00e4ten jederzeit und \u00fcberall teilen.<\/p>\n<p>Die Zusammenarbeit wird vereinfacht und Updates erfolgen sofort.<\/p>\n<\/div>\n\t\t<\/div><\/div><div id=\"pgc-488-3-2\"  class=\"panel-grid-cell\" ><div id=\"panel-488-3-2-0\" class=\"so-panel widget widget_text panel-first-child panel-last-child\" data-index=\"5\" ><h3 class=\"widget-title\">Sicherheit und Daten<\/h3>\t\t\t<div class=\"textwidget\"><p>Wir gehen sorgf\u00e4ltig mit den Daten unserer Benutzer um.<\/p>\n<p>Au\u00dferdem verwenden wir die besten Computertechnologien, um alle Ihre privaten Aktivit\u00e4ten zu sch\u00fctzen.<\/p>\n<\/div>\n\t\t<\/div><\/div><\/div><div id=\"pg-488-4\"  class=\"panel-grid panel-no-style\" ><div id=\"pgc-488-4-0\"  class=\"panel-grid-cell panel-grid-cell-empty panel-grid-cell-mobile-last\" ><\/div><div id=\"pgc-488-4-1\"  class=\"panel-grid-cell panel-grid-cell-empty\" ><\/div><\/div><div id=\"pg-488-5\"  class=\"panel-grid panel-no-style\" ><div id=\"pgc-488-5-0\"  class=\"panel-grid-cell\" ><div id=\"panel-488-5-0-0\" class=\"so-panel widget widget_text panel-first-child panel-last-child\" data-index=\"6\" ><h3 class=\"widget-title\">MSP<\/h3>\t\t\t<div class=\"textwidget\"><p>Musik ist ein fester Bestandteil unseres <span class=\"blue\">Lebens<\/span>.<br \/>\nWissenschaftler haben es bewiesen: Musik kann helfen, den Dopaminspiegel in unserem Gehirn zu erh\u00f6hen.<br \/>\nSie k\u00f6nnen unsere Gef\u00fchle, aber auch unsere W\u00fcnsche und unsere Motivation beeinflussen.<\/p>\n<p>Deshalb bieten wir unseren Kunden fundierte <span class=\"blue\">Marketingleistungen<\/span> in ihrem Unternehmen an.<br \/>\nDiese L\u00f6sung richtet sich an Gesch\u00e4fte, aber auch an Restaurants, Sch\u00f6nheitssalons;<br \/>\nJedes Unternehmen wird in der Lage sein, seine musikalischen Vorlieben zu w\u00e4hlen, die seinen Kunden entsprechen.<\/p>\n<\/div>\n\t\t<\/div><\/div><div id=\"pgc-488-5-1\"  class=\"panel-grid-cell\" ><div id=\"panel-488-5-1-0\" class=\"so-panel widget widget_media_image panel-first-child panel-last-child\" data-index=\"7\" ><img width=\"640\" height=\"427\" src=\"https:\/\/www.mieres.it\/wp-content\/uploads\/2022\/07\/pexels-pixabay-257904111-1024x683.jpg\" class=\"image wp-image-1175  attachment-large size-large\" alt=\"\" decoding=\"async\" loading=\"lazy\" style=\"max-width: 100%; height: auto;\" srcset=\"https:\/\/www.mieres.it\/wp-content\/uploads\/2022\/07\/pexels-pixabay-257904111-1024x683.jpg 1024w, https:\/\/www.mieres.it\/wp-content\/uploads\/2022\/07\/pexels-pixabay-257904111-300x200.jpg 300w, https:\/\/www.mieres.it\/wp-content\/uploads\/2022\/07\/pexels-pixabay-257904111-768x512.jpg 768w, https:\/\/www.mieres.it\/wp-content\/uploads\/2022\/07\/pexels-pixabay-257904111-1536x1024.jpg 1536w, https:\/\/www.mieres.it\/wp-content\/uploads\/2022\/07\/pexels-pixabay-257904111-2048x1365.jpg 2048w, https:\/\/www.mieres.it\/wp-content\/uploads\/2022\/07\/pexels-pixabay-257904111-272x182.jpg 272w\" sizes=\"(max-width: 640px) 100vw, 640px\" \/><\/div><\/div><\/div><div id=\"pg-488-6\"  class=\"panel-grid panel-no-style\" ><div id=\"pgc-488-6-0\"  class=\"panel-grid-cell panel-grid-cell-empty\" ><\/div><\/div><div id=\"pg-488-7\"  class=\"panel-grid panel-no-style\" ><div id=\"pgc-488-7-0\"  class=\"panel-grid-cell\" ><div id=\"panel-488-7-0-0\" class=\"so-panel widget widget_text panel-first-child panel-last-child\" data-index=\"8\" ><h3 class=\"widget-title\">Lizenzfreie Musik<\/h3>\t\t\t<div class=\"textwidget\"><p>Unsere Musik ist frei von Rechten und kann daher \u00fcberall und jederzeit ausgestrahlt werden.<\/p>\n<\/div>\n\t\t<\/div><\/div><div id=\"pgc-488-7-1\"  class=\"panel-grid-cell\" ><div id=\"panel-488-7-1-0\" class=\"so-panel widget widget_text panel-first-child panel-last-child\" data-index=\"9\" ><h3 class=\"widget-title\">Benutzerdefinierte wiedergabeliste<\/h3>\t\t\t<div class=\"textwidget\"><p>Wir erstellen die beste Musik-Playlist, die speziell f\u00fcr Ihr Unternehmen vorbereitet und an Ihre Kundschaft angepasst ist.<\/p>\n<\/div>\n\t\t<\/div><\/div><div id=\"pgc-488-7-2\"  class=\"panel-grid-cell\" ><div id=\"panel-488-7-2-0\" class=\"so-panel widget widget_text panel-first-child panel-last-child\" data-index=\"10\" ><h3 class=\"widget-title\">Ergonomische Plattform<\/h3>\t\t\t<div class=\"textwidget\"><p>Unsere Plattform ist einfach zu bedienen.<\/p>\n<p>Seine Ergonomie wurde entwickelt, um Ihnen ein besseres Benutzererlebnis zu bieten und Ihr Leben einfacher zu machen.<\/p>\n<\/div>\n\t\t<\/div><\/div><\/div><div id=\"pg-488-8\"  class=\"panel-grid panel-no-style\" ><div id=\"pgc-488-8-0\"  class=\"panel-grid-cell panel-grid-cell-empty\" ><\/div><\/div><div id=\"pg-488-9\"  class=\"panel-grid panel-no-style\" ><div id=\"pgc-488-9-0\"  class=\"panel-grid-cell\" ><div id=\"panel-488-9-0-0\" class=\"so-panel widget widget_text panel-first-child panel-last-child\" data-index=\"11\" ><div class=\"heading-2 panel-widget-style panel-widget-style-for-488-9-0-0\" ><h3 class=\"widget-title\">Sonstige Dienstleistungen<\/h3>\t\t\t<div class=\"textwidget\"><\/div>\n\t\t<\/div><\/div><\/div><\/div><div id=\"pg-488-10\"  class=\"panel-grid panel-has-style\" ><div class=\"services-wrp panel-row-style panel-row-style-for-488-10\" id=\"service_box_saas\" ><div id=\"pgc-488-10-0\"  class=\"panel-grid-cell\" ><div class=\"service_box panel-cell-style panel-cell-style-for-488-10-0\" ><div id=\"panel-488-10-0-0\" class=\"so-panel widget widget_text panel-first-child\" data-index=\"12\" ><div class=\"heading-3 panel-widget-style panel-widget-style-for-488-10-0-0\" >\t\t\t<div class=\"textwidget\"><p><a href=\"https:\/\/mieresitwebsite.u2.mieres.fr\/de\/developpement-logiciel-et-gestion-de-projets-logiciels\/\">Individuelle<\/a><\/p>\n<p><a href=\"https:\/\/mieresitwebsite.u2.mieres.fr\/de\/developpement-logiciel-et-gestion-de-projets-logiciels\/\">Softwareentwicklung &#038;<\/a><\/p>\n<p><a href=\"https:\/\/mieresitwebsite.u2.mieres.fr\/de\/developpement-logiciel-et-gestion-de-projets-logiciels\/\">Software Projekt management<\/a><\/p>\n<\/div>\n\t\t<\/div><\/div><div id=\"panel-488-10-0-1\" class=\"so-panel widget widget_sow-button panel-last-child\" data-index=\"13\" ><div class=\"services-box-btn panel-widget-style panel-widget-style-for-488-10-0-1\" ><div\n\t\t\t\n\t\t\tclass=\"so-widget-sow-button so-widget-sow-button-atom-e0f6669bcefb-488\"\n\t\t\t\n\t\t><div class=\"ow-button-base ow-button-align-left\">\n\t<a\n\thref=\"\/developpement-logiciel-et-gestion-de-projets-logiciels\/\"\n\t\tclass=\"ow-icon-placement-right ow-button-hover\" \t>\n\t\t<span>\n\t\t\t<span class=\"sow-icon-fontawesome sow-fas\" data-sow-icon=\"&#xf30c;\"\n\t\tstyle=\"color: #32befc\" \n\t\taria-hidden=\"true\"><\/span>\n\t\t\tMehr sehen\t\t<\/span>\n\t<\/a>\n<\/div>\n<\/div><\/div><\/div><\/div><\/div><div id=\"pgc-488-10-1\"  class=\"panel-grid-cell\" ><div class=\"service_box panel-cell-style panel-cell-style-for-488-10-1\" ><div id=\"panel-488-10-1-0\" class=\"so-panel widget widget_text panel-first-child\" data-index=\"14\" ><div class=\"heading-3 panel-widget-style panel-widget-style-for-488-10-1-0\" >\t\t\t<div class=\"textwidget\"><p><a href=\"https:\/\/mieresitwebsite.u2.mieres.fr\/services-cloud\/\">Cloud &#038; Hardware technik<\/a><\/p>\n<p>&nbsp;<\/p>\n<\/div>\n\t\t<\/div><\/div><div id=\"panel-488-10-1-1\" class=\"so-panel widget widget_sow-button panel-last-child\" data-index=\"15\" ><div class=\"services-box-btn panel-widget-style panel-widget-style-for-488-10-1-1\" ><div\n\t\t\t\n\t\t\tclass=\"so-widget-sow-button so-widget-sow-button-atom-e0f6669bcefb-488\"\n\t\t\t\n\t\t><div class=\"ow-button-base ow-button-align-left\">\n\t<a\n\thref=\"\/services-cloud\/\"\n\t\tclass=\"ow-icon-placement-right ow-button-hover\" \t>\n\t\t<span>\n\t\t\t<span class=\"sow-icon-fontawesome sow-fas\" data-sow-icon=\"&#xf30c;\"\n\t\tstyle=\"color: #32befc\" \n\t\taria-hidden=\"true\"><\/span>\n\t\t\tMehr sehen\t\t<\/span>\n\t<\/a>\n<\/div>\n<\/div><\/div><\/div><\/div><\/div><\/div><\/div><div id=\"pg-488-11\"  class=\"panel-grid panel-no-style\" ><div id=\"pgc-488-11-0\"  class=\"panel-grid-cell panel-grid-cell-mobile-last\" ><div id=\"panel-488-11-0-0\" class=\"widget_text so-panel widget widget_custom_html panel-first-child panel-last-child\" data-index=\"16\" ><div class=\"textwidget custom-html-widget\"><div class=\"separator\"><\/div><\/div><\/div><\/div><div id=\"pgc-488-11-1\"  class=\"panel-grid-cell panel-grid-cell-empty\" ><\/div><\/div><div id=\"pg-488-12\"  class=\"panel-grid panel-has-style\" ><div class=\"scedule-box panel-row-style panel-row-style-for-488-12\" ><div id=\"pgc-488-12-0\"  class=\"panel-grid-cell panel-grid-cell-empty panel-grid-cell-mobile-last\" ><\/div><div id=\"pgc-488-12-1\"  class=\"panel-grid-cell panel-grid-cell-empty\" ><\/div><\/div><\/div><\/div>","protected":false},"excerpt":{"rendered":"<p>Wir bieten unseren Kunden einen innovativen und ma\u00dfgeschneiderten Softwareservice f\u00fcr die industrielle Aktivit\u00e4tskontrolle. Wir respektieren die Standards der Computertechnologien. Diese Software k\u00fcmmert sich um die Verwaltung Ihrer Aktivit\u00e4ten, die Bereitstellung von Kundendaten und die Erstellung von Berichten \u00fcber diese Aktivit\u00e4ten. Dank dieser Software k\u00f6nnen Sie mit den Hauptakteuren Ihres Unternehmens zusammenarbeiten. Es wurde speziell f\u00fcr [&hellip;]<\/p>\n","protected":false},"author":1,"featured_media":0,"parent":0,"menu_order":0,"comment_status":"closed","ping_status":"open","template":"","meta":{"inline_featured_image":false},"_links":{"self":[{"href":"https:\/\/www.mieres.it\/de\/wp-json\/wp\/v2\/pages\/488"}],"collection":[{"href":"https:\/\/www.mieres.it\/de\/wp-json\/wp\/v2\/pages"}],"about":[{"href":"https:\/\/www.mieres.it\/de\/wp-json\/wp\/v2\/types\/page"}],"author":[{"embeddable":true,"href":"https:\/\/www.mieres.it\/de\/wp-json\/wp\/v2\/users\/1"}],"replies":[{"embeddable":true,"href":"https:\/\/www.mieres.it\/de\/wp-json\/wp\/v2\/comments?post=488"}],"version-history":[{"count":142,"href":"https:\/\/www.mieres.it\/de\/wp-json\/wp\/v2\/pages\/488\/revisions"}],"predecessor-version":[{"id":1331,"href":"https:\/\/www.mieres.it\/de\/wp-json\/wp\/v2\/pages\/488\/revisions\/1331"}],"wp:attachment":[{"href":"https:\/\/www.mieres.it\/de\/wp-json\/wp\/v2\/media?parent=488"}],"curies":[{"name":"wp","href":"https:\/\/api.w.org\/{rel}","templated":true}]}}