{"id":452,"date":"2022-06-05T07:36:39","date_gmt":"2022-06-05T07:36:39","guid":{"rendered":"https:\/\/mieresitwebsite.u2.mieres.fr\/?page_id=452"},"modified":"2025-10-26T22:10:44","modified_gmt":"2025-10-26T22:10:44","slug":"terms","status":"publish","type":"page","link":"https:\/\/www.mieres.it\/de\/terms\/","title":{"rendered":"AGB"},"content":{"rendered":"<div id=\"pl-452\"  class=\"panel-layout\" ><div id=\"pg-452-0\"  class=\"panel-grid panel-no-style\" ><div id=\"pgc-452-0-0\"  class=\"panel-grid-cell panel-grid-cell-mobile-last\" ><div id=\"panel-452-0-0-0\" class=\"so-panel widget widget_text panel-first-child panel-last-child\" data-index=\"0\" ><div class=\"heading-2 panel-widget-style panel-widget-style-for-452-0-0-0\" ><h3 class=\"widget-title\">Impressum<\/h3>\t\t\t<div class=\"textwidget\"><p><strong>Verleger:<\/strong><br \/>\nMieres IT<\/p>\n<p><strong>Kontaktinformationen :<\/strong><\/p>\n<p>MIERES IT<br \/>\n11 rue de Concarneau<br \/>\n29910 Tr\u00e9gunc<br \/>\nSiret 89239129300024<\/p>\n<p><strong>Vertretungsberechtigte:<\/strong>\u00a0Ricardo Mieres Espinoza<br \/>\n<strong>Mehrwertsteuer:<\/strong> FR81892391293<\/p>\n<p><strong>Unterkunft:<\/strong><\/p>\n<p>Die Website www.mieresit.com<br \/>\n<strong>wird gehostet von:<\/strong><br \/>\nMIERESIT Unterkunft<\/p>\n<p><strong>Gesetzgebung<\/strong><\/p>\n<p>Urheberrecht und geistiges Eigentum Gem\u00e4\u00df dem Gesetz vom 11. M\u00e4rz 1957 (Art. 41) und dem Gesetz \u00fcber geistiges Eigentum vom 1. Juli 1992 stellt die Website www.mieresit.com (Texte, grafische Elemente, Fotos usw.) ein Werk dar gesch\u00fctzt in Frankreich durch das Gesetz \u00fcber geistiges Eigentum und im Ausland durch die geltenden internationalen \u00dcbereinkommen zum Urheberrecht.<\/p>\n<p><strong>Pers\u00f6nliche Daten<\/strong><\/p>\n<p>Gem\u00e4\u00df dem Gesetz Nr. 78-17 vom 6. Januar 1978 \u00fcber Datenverarbeitung, Dateien und Freiheiten hat der Internetnutzer das Recht auf Widerspruch (Art. 26 des Gesetzes), auf Zugang (Art. 34 bis 38 des Gesetzes). ) und Berichtigung. Um dieses Recht auszu\u00fcben, k\u00f6nnen Sie sich an folgende Adresse wenden:<\/p>\n<p>MIERES ES<br \/>\n1 rue fulgence Willkommen<br \/>\n29900 CONCARNEAU<br \/>\n<a href=\"tel:+33298763677\">02.98.76.36.77<\/a><br \/>\n<a href=\"mailto:contact@mieresit.com\">contact@mieresit.com<\/a><\/p>\n<p><strong>Information:<\/strong><\/p>\n<p>Das Vorhandensein von Hypertext-Links zu anderen Websites \u00fcbernimmt keine Verantwortung von MieresIT. Diese Links dienen nur als Referenz.<\/p>\n<\/div>\n\t\t<\/div><\/div><\/div><div id=\"pgc-452-0-1\"  class=\"panel-grid-cell panel-grid-cell-empty\" ><\/div><\/div><div id=\"pg-452-1\"  class=\"panel-grid panel-has-style\" ><div class=\"scedule-box panel-row-style panel-row-style-for-452-1\" ><div id=\"pgc-452-1-0\"  class=\"panel-grid-cell panel-grid-cell-empty panel-grid-cell-mobile-last\" ><\/div><div id=\"pgc-452-1-1\"  class=\"panel-grid-cell panel-grid-cell-empty\" ><\/div><\/div><\/div><div id=\"pg-452-2\"  class=\"panel-grid panel-has-style\" ><div class=\"siteorigin-panels-stretch panel-row-style panel-row-style-for-452-2\" id=\"contacts\" data-stretch-type=\"full-stretched-padded\" ><div id=\"pgc-452-2-0\"  class=\"panel-grid-cell panel-grid-cell-empty\" ><\/div><\/div><\/div><div id=\"pg-452-3\"  class=\"panel-grid panel-no-style\" ><div id=\"pgc-452-3-0\"  class=\"panel-grid-cell panel-grid-cell-empty panel-grid-cell-mobile-last\" ><\/div><div id=\"pgc-452-3-1\"  class=\"panel-grid-cell panel-grid-cell-empty\" ><\/div><\/div><div id=\"pg-452-4\"  class=\"panel-grid panel-has-style\" ><div class=\"scedule-box panel-row-style panel-row-style-for-452-4\" ><div id=\"pgc-452-4-0\"  class=\"panel-grid-cell panel-grid-cell-empty panel-grid-cell-mobile-last\" ><\/div><div id=\"pgc-452-4-1\"  class=\"panel-grid-cell panel-grid-cell-empty\" ><\/div><\/div><\/div><\/div>","protected":false},"excerpt":{"rendered":"<p>Verleger: Mieres IT Kontaktinformationen : MIERES IT 11 rue de Concarneau 29910 Tr\u00e9gunc Siret 89239129300024 Vertretungsberechtigte:\u00a0Ricardo Mieres Espinoza Mehrwertsteuer: FR81892391293 Unterkunft: Die Website www.mieresit.com wird gehostet von: MIERESIT Unterkunft Gesetzgebung Urheberrecht und geistiges Eigentum Gem\u00e4\u00df dem Gesetz vom 11. M\u00e4rz 1957 (Art. 41) und dem Gesetz \u00fcber geistiges Eigentum vom 1. Juli 1992 stellt die [&hellip;]<\/p>\n","protected":false},"author":1,"featured_media":0,"parent":0,"menu_order":0,"comment_status":"closed","ping_status":"open","template":"","meta":{"inline_featured_image":false},"_links":{"self":[{"href":"https:\/\/www.mieres.it\/de\/wp-json\/wp\/v2\/pages\/452"}],"collection":[{"href":"https:\/\/www.mieres.it\/de\/wp-json\/wp\/v2\/pages"}],"about":[{"href":"https:\/\/www.mieres.it\/de\/wp-json\/wp\/v2\/types\/page"}],"author":[{"embeddable":true,"href":"https:\/\/www.mieres.it\/de\/wp-json\/wp\/v2\/users\/1"}],"replies":[{"embeddable":true,"href":"https:\/\/www.mieres.it\/de\/wp-json\/wp\/v2\/comments?post=452"}],"version-history":[{"count":46,"href":"https:\/\/www.mieres.it\/de\/wp-json\/wp\/v2\/pages\/452\/revisions"}],"predecessor-version":[{"id":1347,"href":"https:\/\/www.mieres.it\/de\/wp-json\/wp\/v2\/pages\/452\/revisions\/1347"}],"wp:attachment":[{"href":"https:\/\/www.mieres.it\/de\/wp-json\/wp\/v2\/media?parent=452"}],"curies":[{"name":"wp","href":"https:\/\/api.w.org\/{rel}","templated":true}]}}