{"id":408,"date":"2022-06-05T04:55:50","date_gmt":"2022-06-05T04:55:50","guid":{"rendered":"https:\/\/mieresitwebsite.u2.mieres.fr\/?page_id=408"},"modified":"2022-11-25T15:04:08","modified_gmt":"2022-11-25T15:04:08","slug":"projets","status":"publish","type":"page","link":"https:\/\/www.mieres.it\/de\/projets\/","title":{"rendered":"Projekte"},"content":{"rendered":"<div id=\"pl-408\"  class=\"panel-layout\" ><div id=\"pg-408-0\"  class=\"panel-grid panel-no-style\" ><div id=\"pgc-408-0-0\"  class=\"panel-grid-cell\" ><div id=\"panel-408-0-0-0\" class=\"so-panel widget widget_text panel-first-child panel-last-child\" data-index=\"0\" ><h3 class=\"widget-title\">Unsere Fachgebiete<\/h3>\t\t\t<div class=\"textwidget\"><\/div>\n\t\t<\/div><\/div><\/div><div id=\"pg-408-1\"  class=\"panel-grid panel-no-style\" ><div id=\"pgc-408-1-0\"  class=\"panel-grid-cell\" ><div id=\"panel-408-1-0-0\" class=\"so-panel widget widget_text panel-first-child panel-last-child\" data-index=\"1\" >\t\t\t<div class=\"textwidget\"><p>Wir verwenden <span class=\"blue\">Sprachen und Frameworks<\/span> wie <span class=\"blue\">JAVA, PHP<\/span> und seine <span class=\"blue\">Symfony-Frameworks, Zend und Typo3, C#, C, C++, .NET CORE, Groovy Grails, Scrum (Jira &#038; Confluence), HTML, CSS, JAVASCRIPT (Jquery, Angular ), SOA, MySQL<\/span>;<\/p>\n<p>Wir arbeiten haupts\u00e4chlich mit deutschen, schweizerischen und franz\u00f6sischen Kunden zusammen.<\/p>\n<\/div>\n\t\t<\/div><\/div><\/div><div id=\"pg-408-2\"  class=\"panel-grid panel-no-style\" ><div id=\"pgc-408-2-0\"  class=\"panel-grid-cell panel-grid-cell-mobile-last\" ><div id=\"panel-408-2-0-0\" class=\"so-panel widget widget_text panel-first-child panel-last-child\" data-index=\"2\" ><div class=\"heading-2 panel-widget-style panel-widget-style-for-408-2-0-0\" ><h3 class=\"widget-title\">Projekte &#038; Referenzen<\/h3>\t\t\t<div class=\"textwidget\"><\/div>\n\t\t<\/div><\/div><\/div><div id=\"pgc-408-2-1\"  class=\"panel-grid-cell panel-grid-cell-empty\" ><\/div><\/div><div id=\"pg-408-3\"  class=\"panel-grid panel-has-style\" ><div class=\"scedule-box panel-row-style panel-row-style-for-408-3\" ><div id=\"pgc-408-3-0\"  class=\"panel-grid-cell\" ><div id=\"panel-408-3-0-0\" class=\"so-panel widget widget_text panel-first-child panel-last-child\" data-index=\"3\" ><h3 class=\"widget-title\">3M Systemingenieur<\/h3>\t\t\t<div class=\"textwidget\"><p>Erstellung von medizinischer Codierungssoftware;<\/p>\n<p><span class=\"blue\">Verwendete Sprachen und Technologien:<\/span> JAVA, JAVAFX, SOA, Spring-Cloud, Angular, C#, NET, Microservices, ELK<\/p>\n<\/div>\n\t\t<\/div><\/div><div id=\"pgc-408-3-1\"  class=\"panel-grid-cell\" ><div id=\"panel-408-3-1-0\" class=\"so-panel widget widget_text panel-first-child panel-last-child\" data-index=\"4\" ><h3 class=\"widget-title\">DealClub-Software-Ingenieur<\/h3>\t\t\t<div class=\"textwidget\"><p>Softwareingenieur, Softwareentwickler und Systemadministrator<\/p>\n<p><span class=\"blue\">Verwendete Sprachen und Technologien:<\/span> SOA, Groovy, JAVA, Mysql, PHP, SOAP, JSON, JIRA, SCRUM, Javascript, HTML, CSS, AWS, DOCKER<\/p>\n<\/div>\n\t\t<\/div><\/div><\/div><\/div><div id=\"pg-408-4\"  class=\"panel-grid panel-has-style\" ><div class=\"scedule-box panel-row-style panel-row-style-for-408-4\" ><div id=\"pgc-408-4-0\"  class=\"panel-grid-cell\" ><div id=\"panel-408-4-0-0\" class=\"so-panel widget widget_text panel-first-child panel-last-child\" data-index=\"5\" ><h3 class=\"widget-title\">Software-Ingenieur make Sens Media<\/h3>\t\t\t<div class=\"textwidget\"><p>Media-Streaming-Software und Hosting-Anbieter<\/p>\n<p><span class=\"blue\">Verwendete Sprachen und Technologien:<\/span> Groovy Grails, JAVA, Android;<\/p>\n<\/div>\n\t\t<\/div><\/div><div id=\"pgc-408-4-1\"  class=\"panel-grid-cell\" ><div id=\"panel-408-4-1-0\" class=\"so-panel widget widget_text panel-first-child panel-last-child\" data-index=\"6\" ><h3 class=\"widget-title\">Softwareentwickler f\u00fcr industrielle Produktion<\/h3>\t\t\t<div class=\"textwidget\"><p>Markierlinienautomatisierung (industrielle Produktion)<\/p>\n<p><span class=\"blue\">Verwendete Sprachen und Technologien:<\/span> C#, ASP, CORE 2+, Sensoren, Laser und Drucker unter UNIX<\/p>\n<\/div>\n\t\t<\/div><\/div><\/div><\/div><div id=\"pg-408-5\"  class=\"panel-grid panel-no-style\" ><div id=\"pgc-408-5-0\"  class=\"panel-grid-cell\" ><div id=\"panel-408-5-0-0\" class=\"so-panel widget widget_text panel-first-child panel-last-child\" data-index=\"7\" ><h3 class=\"widget-title\">System Engineer CONVIDIUS Team leader<\/h3>\t\t\t<div class=\"textwidget\"><p>Design und Entwicklung einer modularen Serienfertigungslinie<\/p>\n<p><span class=\"blue\">Verwendete Sprachen und Technologien:<\/span> C#, ASP.NET CORE, MVC, Entity Framework, Shell, Angular, Linux AR<\/p>\n<\/div>\n\t\t<\/div><\/div><div id=\"pgc-408-5-1\"  class=\"panel-grid-cell\" ><div id=\"panel-408-5-1-0\" class=\"so-panel widget widget_text panel-first-child panel-last-child\" data-index=\"8\" ><h3 class=\"widget-title\">INVERTO Web-Ingenieur<\/h3>\t\t\t<div class=\"textwidget\"><p>PHP-Webprogrammierung und CRM-Integration<\/p>\n<p><span class=\"blue\">Verwendete Sprachen und Technologien:<\/span> PHP7, Maximizer CRM;<\/p>\n<\/div>\n\t\t<\/div><\/div><\/div><div id=\"pg-408-6\"  class=\"panel-grid panel-has-style\" ><div class=\"scedule-box panel-row-style panel-row-style-for-408-6\" ><div id=\"pgc-408-6-0\"  class=\"panel-grid-cell\" ><div id=\"panel-408-6-0-0\" class=\"so-panel widget widget_text panel-first-child panel-last-child\" data-index=\"9\" ><h3 class=\"widget-title\">Informatiker Technische Universit\u00e4t Braunschweig<\/h3>\t\t\t<div class=\"textwidget\"><p>Informatiker f\u00fcr verschiedene Projekte an der TU Braunschweig<\/p>\n<p>Projektleiter, Projektentwickler, Softwaretechnik;<\/p>\n<\/div>\n\t\t<\/div><\/div><div id=\"pgc-408-6-1\"  class=\"panel-grid-cell\" ><div id=\"panel-408-6-1-0\" class=\"so-panel widget widget_text panel-first-child panel-last-child\" data-index=\"10\" ><h3 class=\"widget-title\">AUTOSAR-Software-Ingenieur<\/h3>\t\t\t<div class=\"textwidget\"><p>Automotive-Projekt, adaptive AUTOSAR-Plattform bei Contract Experts Germany CEG Gmbh<\/p>\n<p><span class=\"blue\">Verwendete Sprachen und Technologien:<\/span> JAVA, Eclipse EMF, C++;<\/p>\n<\/div>\n\t\t<\/div><\/div><\/div><\/div><div id=\"pg-408-7\"  class=\"panel-grid panel-has-style\" ><div class=\"scedule-box panel-row-style panel-row-style-for-408-7\" ><div id=\"pgc-408-7-0\"  class=\"panel-grid-cell\" ><div id=\"panel-408-7-0-0\" class=\"so-panel widget widget_text panel-first-child panel-last-child\" data-index=\"11\" ><h3 class=\"widget-title\">CN Consult IT Microservices-Softwareentwickler<\/h3>\t\t\t<div class=\"textwidget\"><p>Beratung und Programmierung der Microservices-L\u00f6sung f\u00fcr ein komplexes verteiltes Gep\u00e4ckmanagementsystem<br \/>\n<span class=\"blue\">Verwendete Sprachen und Technologien:<\/span> Spring Cloud, JPA, Hibernate, UML, Docker, Netflix OSS, Kubernetes, Angular, Cordova, Test-Driven Development, Continuous Integration<\/p>\n<\/div>\n\t\t<\/div><\/div><div id=\"pgc-408-7-1\"  class=\"panel-grid-cell\" ><div id=\"panel-408-7-1-0\" class=\"so-panel widget widget_text panel-first-child panel-last-child\" data-index=\"12\" ><h3 class=\"widget-title\">Softwareentwickler f\u00fcr Tourismusplattformen<\/h3>\t\t\t<div class=\"textwidget\"><p>Enterprise Architect f\u00fcr eine Tourismusplattform<\/p>\n<p><span class=\"blue\">Verwendete Sprachen und Technologien:<\/span> Spring Cloud, Zend 2, Typo 3, Responsive Design<\/p>\n<\/div>\n\t\t<\/div><\/div><\/div><\/div><div id=\"pg-408-8\"  class=\"panel-grid panel-has-style\" ><div class=\"scedule-box panel-row-style panel-row-style-for-408-8\" ><div id=\"pgc-408-8-0\"  class=\"panel-grid-cell\" ><div id=\"panel-408-8-0-0\" class=\"so-panel widget widget_text panel-first-child panel-last-child\" data-index=\"13\" ><h3 class=\"widget-title\">INTENSE AG M\u00fcnich Anwendungs &#8211; und Datenbankentwickler<\/h3>\t\t\t<div class=\"textwidget\"><div class=\"text-block-2\">\n<p>Durchgef\u00fchrte Aufgaben: Design einer Multithread-Backend-Anwendung, Design und Implementierung von SOAP-API-Servern, Implementierung von C#-SOAP-Clients, Design und Implementierung von JSON-API f\u00fcr Softwarekomponenten.<\/p>\n<p><span class=\"blue\">Verwendete Sprachen und Technologien:<\/span> PHP, Doctrine, SSH2, PCNTL, SOAP API, C#<\/p>\n<\/div>\n<\/div>\n\t\t<\/div><\/div><div id=\"pgc-408-8-1\"  class=\"panel-grid-cell\" ><div id=\"panel-408-8-1-0\" class=\"so-panel widget widget_text panel-first-child panel-last-child\" data-index=\"14\" ><h3 class=\"widget-title\">IT-Betreiber Loops Music OHG<\/h3>\t\t\t<div class=\"textwidget\"><div class=\"text-block-2\">Outsourcing und IT-Betrieb<\/div>\n<\/div>\n\t\t<\/div><\/div><\/div><\/div><div id=\"pg-408-9\"  class=\"panel-grid panel-has-style\" ><div class=\"scedule-box panel-row-style panel-row-style-for-408-9\" ><div id=\"pgc-408-9-0\"  class=\"panel-grid-cell\" ><div id=\"panel-408-9-0-0\" class=\"so-panel widget widget_text panel-first-child panel-last-child\" data-index=\"15\" ><h3 class=\"widget-title\">Web Developer vereinsdiskont.at<\/h3>\t\t\t<div class=\"textwidget\"><div class=\"text-block-2\">Entwicklung des Onlineshops www.vereinsdiskont.at<\/div>\n<\/div>\n\t\t<\/div><\/div><div id=\"pgc-408-9-1\"  class=\"panel-grid-cell\" ><div id=\"panel-408-9-1-0\" class=\"so-panel widget widget_text panel-first-child panel-last-child\" data-index=\"16\" ><h3 class=\"widget-title\">GROUPON-IT-Ingenieur<\/h3>\t\t\t<div class=\"textwidget\"><p>Design und Entwicklung von Webanwendungen zur Prozessautomatisierung und -optimierung.<\/p>\n<p><span class=\"blue\">Verwendete Sprachen und Technologien:<\/span> Java (Spring), PHP (Zend);<\/p>\n<\/div>\n\t\t<\/div><\/div><\/div><\/div><div id=\"pg-408-10\"  class=\"panel-grid panel-has-style\" ><div class=\"scedule-box panel-row-style panel-row-style-for-408-10\" ><div id=\"pgc-408-10-0\"  class=\"panel-grid-cell\" ><div id=\"panel-408-10-0-0\" class=\"so-panel widget widget_text panel-first-child panel-last-child\" data-index=\"17\" ><h3 class=\"widget-title\">Webentwickler bigpoint.net<\/h3>\t\t\t<div class=\"textwidget\"><div class=\"text-block-2\">\n<p>Entwickler f\u00fcr www.bigpoint.net<\/p>\n<p><span class=\"blue\">Verwendete Sprachen und Technologien:<\/span> PHP<\/p>\n<\/div>\n<\/div>\n\t\t<\/div><\/div><div id=\"pgc-408-10-1\"  class=\"panel-grid-cell\" ><div id=\"panel-408-10-1-0\" class=\"so-panel widget widget_text panel-first-child panel-last-child\" data-index=\"18\" ><h3 class=\"widget-title\">E27 Softwareentwickler<\/h3>\t\t\t<div class=\"textwidget\"><div class=\"text-block-2\">\n<p>Software- und Webentwickler<\/p>\n<p><span class=\"blue\">Sprachen und Technologien:<\/span> PHP, Typo3, JAVA, Bankensoftware (DTAUS, BCD);<\/p>\n<\/div>\n<\/div>\n\t\t<\/div><\/div><\/div><\/div><div id=\"pg-408-11\"  class=\"panel-grid panel-has-style\" ><div class=\"scedule-box panel-row-style panel-row-style-for-408-11\" ><div id=\"pgc-408-11-0\"  class=\"panel-grid-cell\" ><div id=\"panel-408-11-0-0\" class=\"so-panel widget widget_text panel-first-child panel-last-child\" data-index=\"19\" ><h3 class=\"widget-title\">Datenbankentwickler f\u00fcr den K\u00fcnstler Erwin WURM<\/h3>\t\t\t<div class=\"textwidget\"><p>Programmierung einer Bilddatenbank f\u00fcr den K\u00fcnstler Erwin Wurm<\/p>\n<p>http:\/\/www.erwinwurm.at<\/p>\n<p>In Zusammenarbeit mit Thomas Hirt<\/p>\n<\/div>\n\t\t<\/div><\/div><div id=\"pgc-408-11-1\"  class=\"panel-grid-cell\" ><div id=\"panel-408-11-1-0\" class=\"so-panel widget widget_text panel-first-child panel-last-child\" data-index=\"20\" ><h3 class=\"widget-title\">Webentwickler Internezzo ag<\/h3>\t\t\t<div class=\"textwidget\"><div class=\"scedule-box\">\n<div class=\"text-block-2\"><span class=\"blue\">Verwendete Sprachen und Technologien:<\/span> PHP, Typo3;<\/div>\n<\/div>\n<div class=\"scedule-box\"><\/div>\n<\/div>\n\t\t<\/div><\/div><\/div><\/div><div id=\"pg-408-12\"  class=\"panel-grid panel-has-style\" ><div class=\"scedule-box panel-row-style panel-row-style-for-408-12\" ><div id=\"pgc-408-12-0\"  class=\"panel-grid-cell\" ><div id=\"panel-408-12-0-0\" class=\"so-panel widget widget_text panel-first-child panel-last-child\" data-index=\"21\" ><h3 class=\"widget-title\">Typo3-Marketing-Factory-Entwickler<\/h3>\t\t\t<div class=\"textwidget\"><div class=\"text-block-2\"><span class=\"blue\">Verwendete Sprachen und Technologien:<\/span> PHP, Typo3<\/div>\n<\/div>\n\t\t<\/div><\/div><div id=\"pgc-408-12-1\"  class=\"panel-grid-cell\" ><div id=\"panel-408-12-1-0\" class=\"so-panel widget widget_text panel-first-child panel-last-child\" data-index=\"22\" ><h3 class=\"widget-title\">Webentwickler FRONTERA University<\/h3>\t\t\t<div class=\"textwidget\"><div class=\"text-block-2\"><span class=\"blue\">Verwendete Sprachen und Technologien:<\/span> Typo3, PHP;<\/div>\n<\/div>\n\t\t<\/div><\/div><\/div><\/div><div id=\"pg-408-13\"  class=\"panel-grid panel-has-style\" ><div class=\"scedule-box panel-row-style panel-row-style-for-408-13\" ><div id=\"pgc-408-13-0\"  class=\"panel-grid-cell\" ><div id=\"panel-408-13-0-0\" class=\"so-panel widget widget_text panel-first-child panel-last-child\" data-index=\"23\" ><h3 class=\"widget-title\">Dozent an der Arturo-Pratt-Universit\u00e4t, Chile<\/h3>\t\t\t<div class=\"textwidget\"><div class=\"text-block-2\">Dozent f\u00fcr Verteilte Systeme und Client\/Server-Architektur<\/div>\n<\/div>\n\t\t<\/div><\/div><div id=\"pgc-408-13-1\"  class=\"panel-grid-cell\" ><div id=\"panel-408-13-1-0\" class=\"so-panel widget widget_text panel-first-child panel-last-child\" data-index=\"24\" ><h3 class=\"widget-title\">Software Developer Clinic Los Andes, Chile<\/h3>\t\t\t<div class=\"textwidget\"><p><span class=\"blue\">Verwendete Sprachen und Technologien:<\/span> Delphi;<\/p>\n<\/div>\n\t\t<\/div><\/div><\/div><\/div><\/div>","protected":false},"excerpt":{"rendered":"<p>Wir verwenden Sprachen und Frameworks wie JAVA, PHP und seine Symfony-Frameworks, Zend und Typo3, C#, C, C++, .NET CORE, Groovy Grails, Scrum (Jira &#038; Confluence), HTML, CSS, JAVASCRIPT (Jquery, Angular ), SOA, MySQL; Wir arbeiten haupts\u00e4chlich mit deutschen, schweizerischen und franz\u00f6sischen Kunden zusammen.<\/p>\n","protected":false},"author":1,"featured_media":0,"parent":0,"menu_order":0,"comment_status":"closed","ping_status":"open","template":"","meta":{"inline_featured_image":false},"_links":{"self":[{"href":"https:\/\/www.mieres.it\/de\/wp-json\/wp\/v2\/pages\/408"}],"collection":[{"href":"https:\/\/www.mieres.it\/de\/wp-json\/wp\/v2\/pages"}],"about":[{"href":"https:\/\/www.mieres.it\/de\/wp-json\/wp\/v2\/types\/page"}],"author":[{"embeddable":true,"href":"https:\/\/www.mieres.it\/de\/wp-json\/wp\/v2\/users\/1"}],"replies":[{"embeddable":true,"href":"https:\/\/www.mieres.it\/de\/wp-json\/wp\/v2\/comments?post=408"}],"version-history":[{"count":165,"href":"https:\/\/www.mieres.it\/de\/wp-json\/wp\/v2\/pages\/408\/revisions"}],"predecessor-version":[{"id":1296,"href":"https:\/\/www.mieres.it\/de\/wp-json\/wp\/v2\/pages\/408\/revisions\/1296"}],"wp:attachment":[{"href":"https:\/\/www.mieres.it\/de\/wp-json\/wp\/v2\/media?parent=408"}],"curies":[{"name":"wp","href":"https:\/\/api.w.org\/{rel}","templated":true}]}}